{"id":100437,"date":"2024-09-18T11:08:12","date_gmt":"2024-09-18T09:08:12","guid":{"rendered":"https:\/\/www.solids-antwerp.be\/nouveau-lapplication-solids\/"},"modified":"2026-02-16T15:18:30","modified_gmt":"2026-02-16T14:18:30","slug":"nouveau-lapplication-solids","status":"publish","type":"page","link":"https:\/\/www.solids-antwerp.be\/fr\/nouveau-lapplication-solids\/","title":{"rendered":"Nouveau : l\u2019application Easyfairs Belgium"},"content":{"rendered":"\t\t<div data-elementor-type=\"wp-page\" data-elementor-id=\"100437\" class=\"elementor elementor-100437 elementor-100417\" data-elementor-post-type=\"page\">\n\t\t\t\t\t\t<section class=\"elementor-section elementor-top-section elementor-element elementor-element-204fb646 elementor-section-boxed elementor-section-height-default elementor-section-height-default\" data-id=\"204fb646\" data-element_type=\"section\" data-settings=\"{&quot;background_background&quot;:&quot;classic&quot;}\">\n\t\t\t\t\t\t<div class=\"elementor-container elementor-column-gap-default\">\n\t\t\t\t\t<div class=\"elementor-column elementor-col-100 elementor-top-column elementor-element elementor-element-6b355c\" data-id=\"6b355c\" data-element_type=\"column\">\n\t\t\t<div class=\"elementor-widget-wrap elementor-element-populated\">\n\t\t\t\t\t\t<div class=\"elementor-element elementor-element-4b06d19c elementor-widget elementor-widget-text-editor\" data-id=\"4b06d19c\" data-element_type=\"widget\" data-settings=\"{&quot;_animation&quot;:&quot;none&quot;}\" data-widget_type=\"text-editor.default\">\n\t\t\t\t<div class=\"elementor-widget-container\">\n\t\t\t\t\t\t\t\t\t<h1>L\u2019application Easyfairs Belgium<\/h1>\n\t\t\t\t\t\t\t\t<\/div>\n\t\t\t\t<\/div>\n\t\t\t\t<div class=\"elementor-element elementor-element-85fdbe1 elementor-widget elementor-widget-text-editor\" data-id=\"85fdbe1\" data-element_type=\"widget\" data-widget_type=\"text-editor.default\">\n\t\t\t\t<div class=\"elementor-widget-container\">\n\t\t\t\t\t\t\t\t\t<p><strong>L&rsquo;application Easyfairs Belgium est votre assistant intelligent pour une visite optimale du salon. De la planification de votre agenda \u00e0 la d\u00e9couverte de nouveaux exposants et innovations, l&rsquo;application vous offre tout ce dont vous avez besoin pour profiter au maximum de l&rsquo;\u00e9v\u00e9nement. Restez inform\u00e9 gr\u00e2ce aux notifications en temps r\u00e9el et d\u00e9couvrez des opportunit\u00e9s que vous auriez peut-\u00eatre manqu\u00e9es autrement.<\/strong><\/p>\n\t\t\t\t\t\t\t\t<\/div>\n\t\t\t\t<\/div>\n\t\t\t\t\t<\/div>\n\t\t<\/div>\n\t\t\t\t\t<\/div>\n\t\t<\/section>\n\t\t<div class=\"elementor-element elementor-element-53bc4c9 e-flex e-con-boxed e-con e-parent\" data-id=\"53bc4c9\" data-element_type=\"container\">\n\t\t\t\t\t<div class=\"e-con-inner\">\n\t\t<div class=\"elementor-element elementor-element-79dc119 e-con-full e-flex e-con e-child\" data-id=\"79dc119\" data-element_type=\"container\" data-settings=\"{&quot;background_background&quot;:&quot;classic&quot;}\">\n\t\t\t\t<div class=\"elementor-element elementor-element-be0b941 elementor-widget elementor-widget-heading\" data-id=\"be0b941\" data-element_type=\"widget\" data-widget_type=\"heading.default\">\n\t\t\t\t<div class=\"elementor-widget-container\">\n\t\t\t\t\t<h2 class=\"elementor-heading-title elementor-size-default\">L'application Easyfairs Belgium<\/h2>\t\t\t\t<\/div>\n\t\t\t\t<\/div>\n\t\t\t\t<div class=\"elementor-element elementor-element-0e07810 elementor-widget elementor-widget-text-editor\" data-id=\"0e07810\" data-element_type=\"widget\" data-widget_type=\"text-editor.default\">\n\t\t\t\t<div class=\"elementor-widget-container\">\n\t\t\t\t\t\t\t\t\t<p>L&rsquo;application vous offre <strong>un ensemble complet de fonctionnalit\u00e9s<\/strong> qui <strong>am\u00e9liorent votre exp\u00e9rience avant, pendant et apr\u00e8s l&rsquo;\u00e9v\u00e9nement<\/strong> ! D\u00e9couvrez facilement de <strong>nouveaux exposants, recevez des mises \u00e0 jour en temps r\u00e9el, naviguez rapidement dans le salon et restez inform\u00e9 des activit\u00e9s importantes<\/strong>.<\/p>\n<p>Gr\u00e2ce \u00e0 l&rsquo;application, vous tirerez le meilleur parti de votre visite et ne manquerez aucune occasion de r\u00e9seauter ou de d\u00e9couvrir des solutions innovantes.<\/p>\n<p>Gr\u00e2ce \u00e0 l&rsquo;application, vous serez toujours bien pr\u00e9par\u00e9 et pourrez <strong>r\u00e9agir avec souplesse<\/strong> aux nouvelles opportunit\u00e9s. Que vous souhaitiez trouver rapidement votre chemin vers un stand sp\u00e9cifique, partager votre int\u00e9r\u00eat pour une session ou rester inform\u00e9 des \u00e9v\u00e9nements \u00e0 venir, l&rsquo;application vous offre tout ce dont vous avez besoin pour optimiser votre visite.<strong> Rendez votre exp\u00e9rience efficace et ne manquez aucun moment.<\/strong><\/p>\n\t\t\t\t\t\t\t\t<\/div>\n\t\t\t\t<\/div>\n\t\t\t\t<\/div>\n\t\t\t\t\t<\/div>\n\t\t\t\t<\/div>\n\t\t<div class=\"elementor-element elementor-element-3303d3d e-flex e-con-boxed e-con e-parent\" data-id=\"3303d3d\" data-element_type=\"container\" data-settings=\"{&quot;background_background&quot;:&quot;classic&quot;,&quot;motion_fx_motion_fx_scrolling&quot;:&quot;yes&quot;,&quot;motion_fx_translateY_effect&quot;:&quot;yes&quot;,&quot;motion_fx_translateY_direction&quot;:&quot;negative&quot;,&quot;motion_fx_translateY_speed&quot;:{&quot;unit&quot;:&quot;px&quot;,&quot;size&quot;:5,&quot;sizes&quot;:[]},&quot;motion_fx_translateY_affectedRange&quot;:{&quot;unit&quot;:&quot;%&quot;,&quot;size&quot;:&quot;&quot;,&quot;sizes&quot;:{&quot;start&quot;:35,&quot;end&quot;:100}},&quot;motion_fx_devices&quot;:[&quot;desktop&quot;,&quot;laptop&quot;,&quot;tablet&quot;,&quot;mobile&quot;]}\">\n\t\t\t\t\t<div class=\"e-con-inner\">\n\t\t<div class=\"elementor-element elementor-element-d404fed e-con-full e-flex e-con e-child\" data-id=\"d404fed\" data-element_type=\"container\" data-settings=\"{&quot;background_background&quot;:&quot;classic&quot;}\">\n\t\t\t\t<div class=\"elementor-element elementor-element-fd32409 elementor-view-default elementor-widget elementor-widget-icon\" data-id=\"fd32409\" data-element_type=\"widget\" data-widget_type=\"icon.default\">\n\t\t\t\t<div class=\"elementor-widget-container\">\n\t\t\t\t\t\t\t<div class=\"elementor-icon-wrapper\">\n\t\t\t<div class=\"elementor-icon\">\n\t\t\t<i aria-hidden=\"true\" class=\"fas fa-rocket\"><\/i>\t\t\t<\/div>\n\t\t<\/div>\n\t\t\t\t\t\t<\/div>\n\t\t\t\t<\/div>\n\t\t<div class=\"elementor-element elementor-element-b6c9371 e-con-full e-flex e-con e-child\" data-id=\"b6c9371\" data-element_type=\"container\">\n\t\t\t\t<div class=\"elementor-element elementor-element-9ac6bfc elementor-widget elementor-widget-heading\" data-id=\"9ac6bfc\" data-element_type=\"widget\" data-widget_type=\"heading.default\">\n\t\t\t\t<div class=\"elementor-widget-container\">\n\t\t\t\t\t<h2 class=\"elementor-heading-title elementor-size-default\">Faites le premier pas et commencez d\u00e8s maintenant \u00e0 planifier votre visite<\/h2>\t\t\t\t<\/div>\n\t\t\t\t<\/div>\n\t\t\t\t<div class=\"elementor-element elementor-element-074ea23 elementor-widget elementor-widget-text-editor\" data-id=\"074ea23\" data-element_type=\"widget\" data-widget_type=\"text-editor.default\">\n\t\t\t\t<div class=\"elementor-widget-container\">\n\t\t\t\t\t\t\t\t\t<p>Planifier votre visite \u00e0 Advanced Manufacturing est la cl\u00e9 d&rsquo;une exp\u00e9rience r\u00e9ussie. Gr\u00e2ce \u00e0 la nouvelle application, il est facile de pr\u00e9parer votre journ\u00e9e au salon, de saisir les opportunit\u00e9s et de tirer le meilleur parti de l&rsquo;\u00e9v\u00e9nement !<\/p>\n\t\t\t\t\t\t\t\t<\/div>\n\t\t\t\t<\/div>\n\t\t\t\t<\/div>\n\t\t\t\t<\/div>\n\t\t\t\t\t<\/div>\n\t\t\t\t<\/div>\n\t\t<div class=\"elementor-element elementor-element-8df58f2 e-flex e-con-boxed e-con e-parent\" data-id=\"8df58f2\" data-element_type=\"container\" data-settings=\"{&quot;background_background&quot;:&quot;classic&quot;,&quot;motion_fx_motion_fx_scrolling&quot;:&quot;yes&quot;,&quot;motion_fx_translateY_effect&quot;:&quot;yes&quot;,&quot;motion_fx_translateY_direction&quot;:&quot;negative&quot;,&quot;motion_fx_translateY_speed&quot;:{&quot;unit&quot;:&quot;px&quot;,&quot;size&quot;:5,&quot;sizes&quot;:[]},&quot;motion_fx_translateY_affectedRange&quot;:{&quot;unit&quot;:&quot;%&quot;,&quot;size&quot;:&quot;&quot;,&quot;sizes&quot;:{&quot;start&quot;:35,&quot;end&quot;:100}},&quot;motion_fx_devices&quot;:[&quot;desktop&quot;,&quot;laptop&quot;,&quot;tablet&quot;,&quot;mobile&quot;]}\">\n\t\t\t\t\t<div class=\"e-con-inner\">\n\t\t<div class=\"elementor-element elementor-element-7f2ebf5 e-con-full e-flex e-con e-child\" data-id=\"7f2ebf5\" data-element_type=\"container\" data-settings=\"{&quot;background_background&quot;:&quot;classic&quot;}\">\n\t\t<div class=\"elementor-element elementor-element-15bca5b e-con-full e-flex e-con e-child\" data-id=\"15bca5b\" data-element_type=\"container\">\n\t\t\t\t<div class=\"elementor-element elementor-element-b331cdb elementor-widget elementor-widget-heading\" data-id=\"b331cdb\" data-element_type=\"widget\" data-widget_type=\"heading.default\">\n\t\t\t\t<div class=\"elementor-widget-container\">\n\t\t\t\t\t<h2 class=\"elementor-heading-title elementor-size-default\">Obtenez des recommandations personnalis\u00e9es<\/h2>\t\t\t\t<\/div>\n\t\t\t\t<\/div>\n\t\t\t\t<div class=\"elementor-element elementor-element-d158415 elementor-widget elementor-widget-text-editor\" data-id=\"d158415\" data-element_type=\"widget\" data-widget_type=\"text-editor.default\">\n\t\t\t\t<div class=\"elementor-widget-container\">\n\t\t\t\t\t\t\t\t\t<p>Recevez des suggestions personnalis\u00e9es sur les personnes les plus int\u00e9ressantes \u00e0 rencontrer. Gr\u00e2ce \u00e0 des algorithmes intelligents, vos pr\u00e9f\u00e9rences sont analys\u00e9es et les connexions les plus int\u00e9ressantes pour vous sont s\u00e9lectionn\u00e9es.<\/p>\n\t\t\t\t\t\t\t\t<\/div>\n\t\t\t\t<\/div>\n\t\t\t\t<\/div>\n\t\t\t\t<div class=\"elementor-element elementor-element-c1dc66c elementor-view-default elementor-widget elementor-widget-icon\" data-id=\"c1dc66c\" data-element_type=\"widget\" data-widget_type=\"icon.default\">\n\t\t\t\t<div class=\"elementor-widget-container\">\n\t\t\t\t\t\t\t<div class=\"elementor-icon-wrapper\">\n\t\t\t<div class=\"elementor-icon\">\n\t\t\t<i aria-hidden=\"true\" class=\"fas fa-handshake\"><\/i>\t\t\t<\/div>\n\t\t<\/div>\n\t\t\t\t\t\t<\/div>\n\t\t\t\t<\/div>\n\t\t\t\t<\/div>\n\t\t\t\t\t<\/div>\n\t\t\t\t<\/div>\n\t\t<div class=\"elementor-element elementor-element-b1b9607 e-flex e-con-boxed e-con e-parent\" data-id=\"b1b9607\" data-element_type=\"container\" data-settings=\"{&quot;motion_fx_motion_fx_scrolling&quot;:&quot;yes&quot;,&quot;motion_fx_translateY_effect&quot;:&quot;yes&quot;,&quot;motion_fx_translateY_direction&quot;:&quot;negative&quot;,&quot;motion_fx_translateY_speed&quot;:{&quot;unit&quot;:&quot;px&quot;,&quot;size&quot;:5,&quot;sizes&quot;:[]},&quot;motion_fx_translateY_affectedRange&quot;:{&quot;unit&quot;:&quot;%&quot;,&quot;size&quot;:&quot;&quot;,&quot;sizes&quot;:{&quot;start&quot;:38,&quot;end&quot;:100}},&quot;motion_fx_devices&quot;:[&quot;desktop&quot;,&quot;tablet&quot;,&quot;mobile&quot;]}\">\n\t\t\t\t\t<div class=\"e-con-inner\">\n\t\t<div class=\"elementor-element elementor-element-c6c1b88 e-con-full e-flex e-con e-child\" data-id=\"c6c1b88\" data-element_type=\"container\" data-settings=\"{&quot;background_background&quot;:&quot;classic&quot;}\">\n\t\t<div class=\"elementor-element elementor-element-7a7b625 e-con-full e-flex e-con e-child\" data-id=\"7a7b625\" data-element_type=\"container\" data-settings=\"{&quot;background_background&quot;:&quot;classic&quot;}\">\n\t\t\t\t<div class=\"elementor-element elementor-element-5dd2e6b elementor-view-default elementor-widget elementor-widget-icon\" data-id=\"5dd2e6b\" data-element_type=\"widget\" data-widget_type=\"icon.default\">\n\t\t\t\t<div class=\"elementor-widget-container\">\n\t\t\t\t\t\t\t<div class=\"elementor-icon-wrapper\">\n\t\t\t<div class=\"elementor-icon\">\n\t\t\t<i aria-hidden=\"true\" class=\"far fa-calendar-check\"><\/i>\t\t\t<\/div>\n\t\t<\/div>\n\t\t\t\t\t\t<\/div>\n\t\t\t\t<\/div>\n\t\t<div class=\"elementor-element elementor-element-2390668 e-con-full e-flex e-con e-child\" data-id=\"2390668\" data-element_type=\"container\">\n\t\t\t\t<div class=\"elementor-element elementor-element-11b203d elementor-widget elementor-widget-heading\" data-id=\"11b203d\" data-element_type=\"widget\" data-widget_type=\"heading.default\">\n\t\t\t\t<div class=\"elementor-widget-container\">\n\t\t\t\t\t<h2 class=\"elementor-heading-title elementor-size-default\">Composez votre programme id\u00e9al !<\/h2>\t\t\t\t<\/div>\n\t\t\t\t<\/div>\n\t\t\t\t<div class=\"elementor-element elementor-element-7110daf elementor-widget elementor-widget-text-editor\" data-id=\"7110daf\" data-element_type=\"widget\" data-widget_type=\"text-editor.default\">\n\t\t\t\t<div class=\"elementor-widget-container\">\n\t\t\t\t\t\t\t\t\t<p>Restez toujours inform\u00e9 et ne manquez plus jamais une session importante ! Explorez le programme du s\u00e9minaire, d\u00e9couvrez les intervenants et les th\u00e8mes abord\u00e9s, et ajoutez facilement les sessions auxquelles vous souhaitez assister \u00e0 votre agenda personnel.<\/p>\n\t\t\t\t\t\t\t\t<\/div>\n\t\t\t\t<\/div>\n\t\t\t\t<\/div>\n\t\t\t\t<\/div>\n\t\t\t\t<\/div>\n\t\t\t\t\t<\/div>\n\t\t\t\t<\/div>\n\t\t<div class=\"elementor-element elementor-element-5b2e026 e-flex e-con-boxed e-con e-parent\" data-id=\"5b2e026\" data-element_type=\"container\" data-settings=\"{&quot;background_background&quot;:&quot;classic&quot;}\">\n\t\t\t\t\t<div class=\"e-con-inner\">\n\t\t<div class=\"elementor-element elementor-element-c61df3c e-con-full e-flex e-con e-child\" data-id=\"c61df3c\" data-element_type=\"container\" data-settings=\"{&quot;background_background&quot;:&quot;classic&quot;}\">\n\t\t<div class=\"elementor-element elementor-element-8fa2953 e-con-full e-flex e-con e-child\" data-id=\"8fa2953\" data-element_type=\"container\">\n\t\t\t\t<div class=\"elementor-element elementor-element-96ae03a elementor-widget elementor-widget-heading\" data-id=\"96ae03a\" data-element_type=\"widget\" data-widget_type=\"heading.default\">\n\t\t\t\t<div class=\"elementor-widget-container\">\n\t\t\t\t\t<h3 class=\"elementor-heading-title elementor-size-default\">Avantages de l'application Easyfairs Belgium<\/h3>\t\t\t\t<\/div>\n\t\t\t\t<\/div>\n\t\t\t\t<div class=\"elementor-element elementor-element-ec1b91d elementor-widget elementor-widget-text-editor\" data-id=\"ec1b91d\" data-element_type=\"widget\" data-widget_type=\"text-editor.default\">\n\t\t\t\t<div class=\"elementor-widget-container\">\n\t\t\t\t\t\t\t\t\t<ol>\n<li data-start=\"157\" data-end=\"269\"><strong>R\u00e9seautage efficace :<\/strong> identifiez facilement les coll\u00e8gues et sp\u00e9cialistes qui correspondent \u00e0 vos besoins et organisez vos rendez-vous de mani\u00e8re cibl\u00e9e.<\/li>\n<li data-start=\"157\" data-end=\"269\"><strong>Exp\u00e9rience sur mesure :<\/strong> recevez des suggestions qui correspondent \u00e9troitement \u00e0 vos pr\u00e9f\u00e9rences et \u00e0 vos exigences professionnelles.<\/li>\n<li data-start=\"157\" data-end=\"269\"><strong>Restez organis\u00e9 :<\/strong> g\u00e9rez votre agenda, vos rendez-vous et vos ateliers de mani\u00e8re claire et centralis\u00e9e.<\/li>\n<li data-start=\"157\" data-end=\"269\"><strong>Restez inform\u00e9 :<\/strong> recevez des notifications et des mises \u00e0 jour en temps r\u00e9el sur l&rsquo;\u00e9v\u00e9nement afin de ne manquer aucun moment important.\n<p>&nbsp;<\/li>\n<\/ol>\n\t\t\t\t\t\t\t\t<\/div>\n\t\t\t\t<\/div>\n\t\t\t\t<\/div>\n\t\t\t\t<\/div>\n\t\t<div class=\"elementor-element elementor-element-039e126 e-con-full e-flex e-con e-child\" data-id=\"039e126\" data-element_type=\"container\" data-settings=\"{&quot;background_background&quot;:&quot;classic&quot;}\">\n\t\t<div class=\"elementor-element elementor-element-77d992b e-con-full e-flex e-con e-child\" data-id=\"77d992b\" data-element_type=\"container\">\n\t\t\t\t<div class=\"elementor-element elementor-element-88f51fb elementor-widget elementor-widget-heading\" data-id=\"88f51fb\" data-element_type=\"widget\" data-widget_type=\"heading.default\">\n\t\t\t\t<div class=\"elementor-widget-container\">\n\t\t\t\t\t<h3 class=\"elementor-heading-title elementor-size-default\">Comment \u00e7a marche ?<\/h3>\t\t\t\t<\/div>\n\t\t\t\t<\/div>\n\t\t\t\t<div class=\"elementor-element elementor-element-41e2817 elementor-widget elementor-widget-text-editor\" data-id=\"41e2817\" data-element_type=\"widget\" data-widget_type=\"text-editor.default\">\n\t\t\t\t<div class=\"elementor-widget-container\">\n\t\t\t\t\t\t\t\t\t<ol>\n<li class=\"\" data-start=\"157\" data-end=\"269\"><strong>Inscrivez-vous \u00e0 Advanced Manufacturing :<\/strong> inscrivez-vous \u00e0 l&rsquo;\u00e9v\u00e9nement et recevez un e-mail de confirmation contenant un lien pour activer votre compte sur l&rsquo;application.<\/li>\n<li class=\"\" data-start=\"157\" data-end=\"269\"><strong>T\u00e9l\u00e9chargez l&rsquo;application Easyfairs Belgium :<\/strong> l&rsquo;application est disponible pour Android et iOS. Utilisez le lien de t\u00e9l\u00e9chargement figurant dans l&rsquo;e-mail de confirmation ou scannez le code QR pour installer l&rsquo;application.<\/li>\n<li class=\"\" data-start=\"157\" data-end=\"269\"><strong>Configurez votre profil :<\/strong> compl\u00e9tez votre profil en indiquant vos centres d&rsquo;int\u00e9r\u00eat, des informations sur votre entreprise et vos objectifs pour l&rsquo;\u00e9v\u00e9nement.<\/li>\n<li data-start=\"157\" data-end=\"269\"><strong>Recevez des recommandations personnalis\u00e9es :<\/strong> l&rsquo;application analyse vos pr\u00e9f\u00e9rences et vous propose des exposants, des s\u00e9minaires et des opportunit\u00e9s de r\u00e9seautage pertinents.<\/li>\n<li data-start=\"157\" data-end=\"269\"><strong>Planifiez et profitez :<\/strong> utilisez l&rsquo;application pour planifier vos rendez-vous, g\u00e9rer votre agenda et tirer le meilleur parti de votre exp\u00e9rience Advanced Manufacturing.<\/li>\n<\/ol>\n\t\t\t\t\t\t\t\t<\/div>\n\t\t\t\t<\/div>\n\t\t\t\t<\/div>\n\t\t\t\t<\/div>\n\t\t\t\t\t<\/div>\n\t\t\t\t<\/div>\n\t\t<div class=\"elementor-element elementor-element-f2fa75c e-flex e-con-boxed e-con e-parent\" data-id=\"f2fa75c\" data-element_type=\"container\" data-settings=\"{&quot;background_background&quot;:&quot;classic&quot;}\">\n\t\t\t\t\t<div class=\"e-con-inner\">\n\t\t<div class=\"elementor-element elementor-element-169457e e-con-full e-flex e-con e-child\" data-id=\"169457e\" data-element_type=\"container\" data-settings=\"{&quot;background_background&quot;:&quot;classic&quot;}\">\n\t\t\t\t<div class=\"elementor-element elementor-element-eab8c17 elementor-widget elementor-widget-heading\" data-id=\"eab8c17\" data-element_type=\"widget\" data-widget_type=\"heading.default\">\n\t\t\t\t<div class=\"elementor-widget-container\">\n\t\t\t\t\t<h2 class=\"elementor-heading-title elementor-size-default\">Profitez au maximum de votre visite \u00e0 Advanced Manufacturing !<\/h2>\t\t\t\t<\/div>\n\t\t\t\t<\/div>\n\t\t\t\t<div class=\"elementor-element elementor-element-df357f4 elementor-widget elementor-widget-text-editor\" data-id=\"df357f4\" data-element_type=\"widget\" data-widget_type=\"text-editor.default\">\n\t\t\t\t<div class=\"elementor-widget-container\">\n\t\t\t\t\t\t\t\t\t<p>Optimisez votre visite au salon, nouez de nouveaux contacts et restez inform\u00e9 de tout ce que l&rsquo;industrie manufacturi\u00e8re avanc\u00e9e a \u00e0 offrir.<\/p>\n\t\t\t\t\t\t\t\t<\/div>\n\t\t\t\t<\/div>\n\t\t\t\t<div class=\"elementor-element elementor-element-92ab8af elementor-widget elementor-widget-image\" data-id=\"92ab8af\" data-element_type=\"widget\" data-widget_type=\"image.default\">\n\t\t\t\t<div class=\"elementor-widget-container\">\n\t\t\t\t\t\t\t\t\t\t\t\t\t\t\t\t<a href=\"https:\/\/play.google.com\/store\/apps\/details?id=events.grip.efbe1047&#038;hl=en\" target=\"_blank\">\n\t\t\t\t\t\t\t<img decoding=\"async\" width=\"223\" height=\"73\" src=\"https:\/\/easyfairsassets.com\/sites\/233\/2024\/09\/playstore.png\" class=\"attachment-medium_large size-medium_large wp-image-100428\" alt=\"\" \/>\t\t\t\t\t\t\t\t<\/a>\n\t\t\t\t\t\t\t\t\t\t\t\t\t\t\t<\/div>\n\t\t\t\t<\/div>\n\t\t\t\t<div class=\"elementor-element elementor-element-8efb4be elementor-widget elementor-widget-image\" data-id=\"8efb4be\" data-element_type=\"widget\" data-widget_type=\"image.default\">\n\t\t\t\t<div class=\"elementor-widget-container\">\n\t\t\t\t\t\t\t\t\t\t\t\t\t\t\t\t<a href=\"https:\/\/apps.apple.com\/nl\/app\/easyfairs-belgium\/id6680193572\" target=\"_blank\">\n\t\t\t\t\t\t\t<img fetchpriority=\"high\" decoding=\"async\" width=\"300\" height=\"300\" src=\"https:\/\/easyfairsassets.com\/sites\/233\/2026\/02\/app-store-300x300.png\" class=\"attachment-medium size-medium wp-image-124813\" alt=\"\" srcset=\"https:\/\/easyfairsassets.com\/sites\/233\/2026\/02\/app-store-300x300.png 300w, https:\/\/easyfairsassets.com\/sites\/233\/2026\/02\/app-store-150x150.png 150w, https:\/\/easyfairsassets.com\/sites\/233\/2026\/02\/app-store.png 400w\" sizes=\"(max-width: 300px) 100vw, 300px\" \/>\t\t\t\t\t\t\t\t<\/a>\n\t\t\t\t\t\t\t\t\t\t\t\t\t\t\t<\/div>\n\t\t\t\t<\/div>\n\t\t\t\t<\/div>\n\t\t\t\t\t<\/div>\n\t\t\t\t<\/div>\n\t\t\t\t<\/div>\n\t\t","protected":false},"excerpt":{"rendered":"<p>L\u2019application Easyfairs Belgium L&rsquo;application Easyfairs Belgium est votre assistant intelligent pour une visite optimale du salon. De la planification de votre agenda \u00e0 la d\u00e9couverte de nouveaux exposants et innovations, l&rsquo;application vous offre tout ce dont vous avez besoin pour profiter au maximum de l&rsquo;\u00e9v\u00e9nement. Restez inform\u00e9 gr\u00e2ce aux notifications en temps r\u00e9el et d\u00e9couvrez [&hellip;]<\/p>\n","protected":false},"author":1378,"featured_media":0,"parent":0,"menu_order":0,"comment_status":"closed","ping_status":"closed","template":"","meta":{"_seopress_robots_primary_cat":"","_seopress_titles_title":"L'application Easyfairs Belgium | Solids Anvers","_seopress_titles_desc":"Entrez en contact avec les exposants, les conf\u00e9renciers et les visiteurs qui vous int\u00e9ressent. Consultez le plan et le programme du salon afin d'optimiser votre visite !","_seopress_robots_index":"","footnotes":""},"class_list":["post-100437","page","type-page","status-publish","hentry"],"_links":{"self":[{"href":"https:\/\/www.solids-antwerp.be\/fr\/wp-json\/wp\/v2\/pages\/100437","targetHints":{"allow":["GET"]}}],"collection":[{"href":"https:\/\/www.solids-antwerp.be\/fr\/wp-json\/wp\/v2\/pages"}],"about":[{"href":"https:\/\/www.solids-antwerp.be\/fr\/wp-json\/wp\/v2\/types\/page"}],"author":[{"embeddable":true,"href":"https:\/\/www.solids-antwerp.be\/fr\/wp-json\/wp\/v2\/users\/1378"}],"replies":[{"embeddable":true,"href":"https:\/\/www.solids-antwerp.be\/fr\/wp-json\/wp\/v2\/comments?post=100437"}],"version-history":[{"count":5,"href":"https:\/\/www.solids-antwerp.be\/fr\/wp-json\/wp\/v2\/pages\/100437\/revisions"}],"predecessor-version":[{"id":124867,"href":"https:\/\/www.solids-antwerp.be\/fr\/wp-json\/wp\/v2\/pages\/100437\/revisions\/124867"}],"wp:attachment":[{"href":"https:\/\/www.solids-antwerp.be\/fr\/wp-json\/wp\/v2\/media?parent=100437"}],"curies":[{"name":"wp","href":"https:\/\/api.w.org\/{rel}","templated":true}]}}