{"id":100460,"date":"2024-09-18T11:26:17","date_gmt":"2024-09-18T09:26:17","guid":{"rendered":"https:\/\/www.solids-antwerp.be\/lapp-solids-pour-les-exposants\/"},"modified":"2026-02-16T15:24:22","modified_gmt":"2026-02-16T14:24:22","slug":"lapp-solids-pour-les-exposants","status":"publish","type":"page","link":"https:\/\/www.solids-antwerp.be\/fr\/lapp-solids-pour-les-exposants\/","title":{"rendered":"L&rsquo;application Easyfairs Belgium pour les exposants"},"content":{"rendered":"\t\t<div data-elementor-type=\"wp-page\" data-elementor-id=\"100460\" class=\"elementor elementor-100460 elementor-100442\" data-elementor-post-type=\"page\">\n\t\t\t\t\t\t<section class=\"elementor-section elementor-top-section elementor-element elementor-element-4ea013e1 elementor-section-boxed elementor-section-height-default elementor-section-height-default\" data-id=\"4ea013e1\" data-element_type=\"section\" data-settings=\"{&quot;background_background&quot;:&quot;classic&quot;}\">\n\t\t\t\t\t\t<div class=\"elementor-container elementor-column-gap-default\">\n\t\t\t\t\t<div class=\"elementor-column elementor-col-100 elementor-top-column elementor-element elementor-element-25b45ea\" data-id=\"25b45ea\" data-element_type=\"column\">\n\t\t\t<div class=\"elementor-widget-wrap elementor-element-populated\">\n\t\t\t\t\t\t<div class=\"elementor-element elementor-element-2486044d elementor-invisible elementor-widget elementor-widget-text-editor\" data-id=\"2486044d\" data-element_type=\"widget\" data-settings=\"{&quot;_animation&quot;:&quot;zoomIn&quot;}\" data-widget_type=\"text-editor.default\">\n\t\t\t\t<div class=\"elementor-widget-container\">\n\t\t\t\t\t\t\t\t\t<h1>Optimisez votre participation au salon avec L&rsquo;application Easyfairs Belgium<\/h1>\n\t\t\t\t\t\t\t\t<\/div>\n\t\t\t\t<\/div>\n\t\t\t\t<div class=\"elementor-element elementor-element-5429388a elementor-widget elementor-widget-text-editor\" data-id=\"5429388a\" data-element_type=\"widget\" data-widget_type=\"text-editor.default\">\n\t\t\t\t<div class=\"elementor-widget-container\">\n\t\t\t\t\t\t\t\t\t<p>D\u00e9couvrez notre nouvelle application \u00e9v\u00e9nementielle, dot\u00e9e de diverses fonctionnalit\u00e9s qui augmenteront votre visibilit\u00e9 avant, pendant et apr\u00e8s l\u2019\u00e9v\u00e9nement. L\u2019application vous permet de rester en contact \u00e0 tout moment avec vos clients, prospects et partenaires potentiels.<\/p>\n\t\t\t\t\t\t\t\t<\/div>\n\t\t\t\t<\/div>\n\t\t\t\t\t<\/div>\n\t\t<\/div>\n\t\t\t\t\t<\/div>\n\t\t<\/section>\n\t\t<div class=\"elementor-element elementor-element-77b65f54 e-flex e-con-boxed e-con e-parent\" data-id=\"77b65f54\" data-element_type=\"container\">\n\t\t\t\t\t<div class=\"e-con-inner\">\n\t\t<div class=\"elementor-element elementor-element-75bb9a68 e-con-full e-flex e-con e-child\" data-id=\"75bb9a68\" data-element_type=\"container\">\n\t\t\t\t<div class=\"elementor-element elementor-element-5ffecf62 elementor-widget elementor-widget-image\" data-id=\"5ffecf62\" data-element_type=\"widget\" data-widget_type=\"image.default\">\n\t\t\t\t<div class=\"elementor-widget-container\">\n\t\t\t\t\t\t\t\t\t\t\t\t\t\t\t<img decoding=\"async\" src=\"https:\/\/easyfairsassets.com\/sites\/233\/elementor\/thumbs\/Solids-Antwerp-2024-1-quc82okvyw3oquee4739mmv47ro56m5vh3j2exn4yw.jpg\" title=\"Solids-Antwerp-2024\" alt=\"Solids-Antwerp-2024\" loading=\"lazy\" \/>\t\t\t\t\t\t\t\t\t\t\t\t\t\t\t<\/div>\n\t\t\t\t<\/div>\n\t\t\t\t<\/div>\n\t\t<div class=\"elementor-element elementor-element-2cbf4cb5 e-con-full e-flex e-con e-child\" data-id=\"2cbf4cb5\" data-element_type=\"container\">\n\t\t\t\t<div class=\"elementor-element elementor-element-2f8ffed6 elementor-widget__width-initial elementor-widget elementor-widget-text-editor\" data-id=\"2f8ffed6\" data-element_type=\"widget\" data-widget_type=\"text-editor.default\">\n\t\t\t\t<div class=\"elementor-widget-container\">\n\t\t\t\t\t\t\t\t\t<p><strong>\ud83d\ude80 Pr\u00e9parez-vous en cr\u00e9ant votre profil et en invitant vos membres d\u2019\u00e9quipe<\/strong><br \/>Les informations de l\u2019entreprise sont pr\u00e9remplies depuis My Easyfairs. Vous devez simplement pr\u00e9parer votre planning pour l\u2019\u00e9v\u00e9nement avec l\u2019application, afin que les visiteurs puissent communiquer avec vous \u00e0 l\u2019avance et planifier des rendez-vous lors de l\u2019\u00e9v\u00e9nement.<\/p>\n<p><strong>\ud83e\udd1d Recevez des recommandations personnalis\u00e9es<\/strong><br \/>L\u2019application vous propose les connexions les plus pertinentes. Des personnes que vous souhaiterez probablement rencontrer lors de l\u2019\u00e9v\u00e9nement, en fonction de vos pr\u00e9f\u00e9rences et int\u00e9r\u00eats.<\/p>\n\t\t\t\t\t\t\t\t<\/div>\n\t\t\t\t<\/div>\n\t\t\t\t<\/div>\n\t\t\t\t\t<\/div>\n\t\t\t\t<\/div>\n\t\t\t\t<section class=\"elementor-section elementor-top-section elementor-element elementor-element-3be5047a elementor-section-boxed elementor-section-height-default elementor-section-height-default\" data-id=\"3be5047a\" data-element_type=\"section\">\n\t\t\t\t\t\t\t<div class=\"elementor-background-overlay\"><\/div>\n\t\t\t\t\t\t\t<div class=\"elementor-container elementor-column-gap-default\">\n\t\t\t\t\t<div class=\"elementor-column elementor-col-50 elementor-top-column elementor-element elementor-element-3f9a6c41\" data-id=\"3f9a6c41\" data-element_type=\"column\" data-settings=\"{&quot;background_background&quot;:&quot;classic&quot;}\">\n\t\t\t<div class=\"elementor-widget-wrap elementor-element-populated\">\n\t\t\t\t\t\t<div class=\"elementor-element elementor-element-7e4f559b elementor-widget elementor-widget-heading\" data-id=\"7e4f559b\" data-element_type=\"widget\" data-widget_type=\"heading.default\">\n\t\t\t\t<div class=\"elementor-widget-container\">\n\t\t\t\t\t<h2 class=\"elementor-heading-title elementor-size-default\">Avantages de l'application Easyfairs Belgium<\/h2>\t\t\t\t<\/div>\n\t\t\t\t<\/div>\n\t\t\t\t<div class=\"elementor-element elementor-element-422759fb elementor-widget elementor-widget-text-editor\" data-id=\"422759fb\" data-element_type=\"widget\" data-widget_type=\"text-editor.default\">\n\t\t\t\t<div class=\"elementor-widget-container\">\n\t\t\t\t\t\t\t\t\t<ul>\n<li><strong>R\u00e9seautage maximal :<\/strong>\u00a0Augmentez vos chances de rencontrer des professionnels partageant les m\u00eames int\u00e9r\u00eats.<\/li>\n<li><strong>Prise de rendez-vous efficace :<\/strong>\u00a0Communiquez facilement et planifiez vos rendez-vous.<\/li>\n<li><strong>Exp\u00e9rience personnalis\u00e9e :<\/strong>\u00a0Adaptez votre exp\u00e9rience de l\u2019\u00e9v\u00e9nement \u00e0 vos objectifs professionnels.<\/li>\n<\/ul>\n\t\t\t\t\t\t\t\t<\/div>\n\t\t\t\t<\/div>\n\t\t\t\t\t<\/div>\n\t\t<\/div>\n\t\t\t\t<div class=\"elementor-column elementor-col-50 elementor-top-column elementor-element elementor-element-4906b5fe\" data-id=\"4906b5fe\" data-element_type=\"column\" data-settings=\"{&quot;background_background&quot;:&quot;classic&quot;}\">\n\t\t\t<div class=\"elementor-widget-wrap elementor-element-populated\">\n\t\t\t\t\t\t<div class=\"elementor-element elementor-element-7609642 elementor-widget elementor-widget-image\" data-id=\"7609642\" data-element_type=\"widget\" data-widget_type=\"image.default\">\n\t\t\t\t<div class=\"elementor-widget-container\">\n\t\t\t\t\t\t\t\t\t\t\t\t\t\t\t<img fetchpriority=\"high\" decoding=\"async\" width=\"230\" height=\"401\" src=\"https:\/\/easyfairsassets.com\/sites\/233\/2024\/04\/Schermafbeelding-2023-10-09-151339.png\" class=\"attachment-large size-large wp-image-93495\" alt=\"\" srcset=\"https:\/\/easyfairsassets.com\/sites\/233\/2024\/04\/Schermafbeelding-2023-10-09-151339.png 230w, https:\/\/easyfairsassets.com\/sites\/233\/2024\/04\/Schermafbeelding-2023-10-09-151339-172x300.png 172w\" sizes=\"(max-width: 230px) 100vw, 230px\" \/>\t\t\t\t\t\t\t\t\t\t\t\t\t\t\t<\/div>\n\t\t\t\t<\/div>\n\t\t\t\t\t<\/div>\n\t\t<\/div>\n\t\t\t\t\t<\/div>\n\t\t<\/section>\n\t\t\t\t<section class=\"elementor-section elementor-top-section elementor-element elementor-element-34faa7df elementor-section-boxed elementor-section-height-default elementor-section-height-default\" data-id=\"34faa7df\" data-element_type=\"section\">\n\t\t\t\t\t\t\t<div class=\"elementor-background-overlay\"><\/div>\n\t\t\t\t\t\t\t<div class=\"elementor-container elementor-column-gap-default\">\n\t\t\t\t\t<div class=\"elementor-column elementor-col-100 elementor-top-column elementor-element elementor-element-66368a10\" data-id=\"66368a10\" data-element_type=\"column\" data-settings=\"{&quot;background_background&quot;:&quot;classic&quot;}\">\n\t\t\t<div class=\"elementor-widget-wrap elementor-element-populated\">\n\t\t\t\t\t\t<div class=\"elementor-element elementor-element-4d4a05fb elementor-widget elementor-widget-heading\" data-id=\"4d4a05fb\" data-element_type=\"widget\" data-widget_type=\"heading.default\">\n\t\t\t\t<div class=\"elementor-widget-container\">\n\t\t\t\t\t<h2 class=\"elementor-heading-title elementor-size-default\">Comment fonctionne l\u2019application ?<\/h2>\t\t\t\t<\/div>\n\t\t\t\t<\/div>\n\t\t\t\t<div class=\"elementor-element elementor-element-2eebb5b elementor-widget elementor-widget-text-editor\" data-id=\"2eebb5b\" data-element_type=\"widget\" data-widget_type=\"text-editor.default\">\n\t\t\t\t<div class=\"elementor-widget-container\">\n\t\t\t\t\t\t\t\t\t<ol>\n<li><strong>Enregistrez votre personnel de stand :<\/strong>\u00a0Apr\u00e8s l\u2019inscription, ils recevront un e-mail pour cr\u00e9er leur compte dans l\u2019application.<\/li>\n<li><strong>Configurez votre profil utilisateur :<\/strong>\u00a0Parlez-nous de vos int\u00e9r\u00eats et de ce que vous recherchez lors de l\u2019\u00e9v\u00e9nement.<\/li>\n<li><strong>T\u00e9l\u00e9chargez l\u2019application :<\/strong>\u00a0T\u00e9l\u00e9chargez l\u2019application et profitez de ses avantages \u00e0 tout moment et partout.<\/li>\n<\/ol>\n\t\t\t\t\t\t\t\t<\/div>\n\t\t\t\t<\/div>\n\t\t\t\t\t<\/div>\n\t\t<\/div>\n\t\t\t\t\t<\/div>\n\t\t<\/section>\n\t\t<div class=\"elementor-element elementor-element-3a9265c e-flex e-con-boxed e-con e-parent\" data-id=\"3a9265c\" data-element_type=\"container\">\n\t\t\t\t\t<div class=\"e-con-inner\">\n\t\t\t\t<div class=\"elementor-element elementor-element-84d5a2a elementor-widget elementor-widget-text-editor\" data-id=\"84d5a2a\" data-element_type=\"widget\" data-widget_type=\"text-editor.default\">\n\t\t\t\t<div class=\"elementor-widget-container\">\n\t\t\t\t\t\t\t\t\t<h4><strong>Tirez le meilleur parti de votre participation !<\/strong><\/h4>\n<p>Notre application est bien plus qu\u2019un simple outil de planification. C\u2019est votre assistant personnel, con\u00e7u pour vous offrir une exp\u00e9rience riche et fluide, du moment o\u00f9 vous d\u00e9cidez de nous rendre visite jusqu\u2019\u00e0 votre d\u00e9part.<\/p>\n<p>N\u2019attendez plus et installez d\u00e8s maintenant l&rsquo;application Easyfairs Belgium ! Optimisez votre visite au salon, faites de nouvelles connexions et restez inform\u00e9 de tout ce que Solids a \u00e0 offrir.<\/p>\n<p>\ud83d\udcf2\u00a0<strong>T\u00e9l\u00e9chargez l\u2019App maintenant<\/strong><\/p>\n\t\t\t\t\t\t\t\t<\/div>\n\t\t\t\t<\/div>\n\t\t\t\t\t<\/div>\n\t\t\t\t<\/div>\n\t\t<div class=\"elementor-element elementor-element-088cb86 e-flex e-con-boxed e-con e-parent\" data-id=\"088cb86\" data-element_type=\"container\">\n\t\t\t\t\t<div class=\"e-con-inner\">\n\t\t<div class=\"elementor-element elementor-element-6873b3c e-con-full e-flex e-con e-child\" data-id=\"6873b3c\" data-element_type=\"container\">\n\t\t\t\t<div class=\"elementor-element elementor-element-6facd05 elementor-widget elementor-widget-image\" data-id=\"6facd05\" data-element_type=\"widget\" data-widget_type=\"image.default\">\n\t\t\t\t<div class=\"elementor-widget-container\">\n\t\t\t\t\t\t\t\t\t\t\t\t\t\t\t\t<a href=\"https:\/\/play.google.com\/store\/apps\/details?id=events.grip.efbe1047&#038;hl=en\">\n\t\t\t\t\t\t\t<img decoding=\"async\" width=\"223\" height=\"73\" src=\"https:\/\/easyfairsassets.com\/sites\/233\/2024\/09\/playstore-1.png\" class=\"attachment-large size-large wp-image-100452\" alt=\"\" \/>\t\t\t\t\t\t\t\t<\/a>\n\t\t\t\t\t\t\t\t\t\t\t\t\t\t\t<\/div>\n\t\t\t\t<\/div>\n\t\t\t\t<\/div>\n\t\t<div class=\"elementor-element elementor-element-a65b9b8 e-con-full e-flex e-con e-child\" data-id=\"a65b9b8\" data-element_type=\"container\">\n\t\t\t\t<div class=\"elementor-element elementor-element-62a23be elementor-widget elementor-widget-image\" data-id=\"62a23be\" data-element_type=\"widget\" data-widget_type=\"image.default\">\n\t\t\t\t<div class=\"elementor-widget-container\">\n\t\t\t\t\t\t\t\t\t\t\t\t\t\t\t\t<a href=\"https:\/\/apps.apple.com\/nl\/app\/easyfairs-belgium\/id6680193572\">\n\t\t\t\t\t\t\t<img decoding=\"async\" width=\"233\" height=\"76\" src=\"https:\/\/easyfairsassets.com\/sites\/233\/2024\/09\/appstore-1.png\" class=\"attachment-large size-large wp-image-100455\" alt=\"\" \/>\t\t\t\t\t\t\t\t<\/a>\n\t\t\t\t\t\t\t\t\t\t\t\t\t\t\t<\/div>\n\t\t\t\t<\/div>\n\t\t\t\t<\/div>\n\t\t\t\t\t<\/div>\n\t\t\t\t<\/div>\n\t\t\t\t<\/div>\n\t\t","protected":false},"excerpt":{"rendered":"<p>Optimisez votre participation au salon avec L&rsquo;application Easyfairs Belgium D\u00e9couvrez notre nouvelle application \u00e9v\u00e9nementielle, dot\u00e9e de diverses fonctionnalit\u00e9s qui augmenteront votre visibilit\u00e9 avant, pendant et apr\u00e8s l\u2019\u00e9v\u00e9nement. L\u2019application vous permet de rester en contact \u00e0 tout moment avec vos clients, prospects et partenaires potentiels. \ud83d\ude80 Pr\u00e9parez-vous en cr\u00e9ant votre profil et en invitant vos membres [&hellip;]<\/p>\n","protected":false},"author":1378,"featured_media":0,"parent":0,"menu_order":0,"comment_status":"closed","ping_status":"closed","template":"","meta":{"_seopress_robots_primary_cat":"","_seopress_titles_title":"L'application Easyfairs Belgium - Exposant | Solids Anvers","_seopress_titles_desc":"Entrez en contact avec les exposants, les conf\u00e9renciers et les visiteurs qui vous int\u00e9ressent. Consultez le plan et le programme du salon afin d'optimiser votre visite !","_seopress_robots_index":"","footnotes":""},"class_list":["post-100460","page","type-page","status-publish","hentry"],"_links":{"self":[{"href":"https:\/\/www.solids-antwerp.be\/fr\/wp-json\/wp\/v2\/pages\/100460","targetHints":{"allow":["GET"]}}],"collection":[{"href":"https:\/\/www.solids-antwerp.be\/fr\/wp-json\/wp\/v2\/pages"}],"about":[{"href":"https:\/\/www.solids-antwerp.be\/fr\/wp-json\/wp\/v2\/types\/page"}],"author":[{"embeddable":true,"href":"https:\/\/www.solids-antwerp.be\/fr\/wp-json\/wp\/v2\/users\/1378"}],"replies":[{"embeddable":true,"href":"https:\/\/www.solids-antwerp.be\/fr\/wp-json\/wp\/v2\/comments?post=100460"}],"version-history":[{"count":5,"href":"https:\/\/www.solids-antwerp.be\/fr\/wp-json\/wp\/v2\/pages\/100460\/revisions"}],"predecessor-version":[{"id":123928,"href":"https:\/\/www.solids-antwerp.be\/fr\/wp-json\/wp\/v2\/pages\/100460\/revisions\/123928"}],"wp:attachment":[{"href":"https:\/\/www.solids-antwerp.be\/fr\/wp-json\/wp\/v2\/media?parent=100460"}],"curies":[{"name":"wp","href":"https:\/\/api.w.org\/{rel}","templated":true}]}}