{"id":11145,"date":"2021-12-07T14:51:51","date_gmt":"2021-12-07T13:51:51","guid":{"rendered":"https:\/\/www.solids-antwerp.be\/la-serie-europeenne-solids\/"},"modified":"2024-10-29T10:28:18","modified_gmt":"2024-10-29T09:28:18","slug":"la-serie-europeenne-solids","status":"publish","type":"page","link":"https:\/\/www.solids-antwerp.be\/fr\/la-serie-europeenne-solids\/","title":{"rendered":"La s\u00e9rie europ\u00e9enne &lsquo;Solids&rsquo;"},"content":{"rendered":"\t\t<div data-elementor-type=\"wp-page\" data-elementor-id=\"11145\" class=\"elementor elementor-11145 elementor-6395\" data-elementor-post-type=\"page\">\n\t\t\t\t<div class=\"elementor-element elementor-element-709090a e-flex e-con-boxed e-con e-parent\" data-id=\"709090a\" data-element_type=\"container\" data-settings=\"{&quot;background_background&quot;:&quot;classic&quot;}\">\n\t\t\t\t\t<div class=\"e-con-inner\">\n\t\t<div class=\"elementor-element elementor-element-f9cd8f2 e-con-full e-flex e-con e-child\" data-id=\"f9cd8f2\" data-element_type=\"container\">\n\t\t\t\t<div class=\"elementor-element elementor-element-3aa9a36 elementor-widget elementor-widget-heading\" data-id=\"3aa9a36\" data-element_type=\"widget\" data-widget_type=\"heading.default\">\n\t\t\t\t<div class=\"elementor-widget-container\">\n\t\t\t\t\t<h1 class=\"elementor-heading-title elementor-size-default\">Manifestations commerciales dans toute l'Europe pour les technologies des poudres et des produits en vrac<\/h1>\t\t\t\t<\/div>\n\t\t\t\t<\/div>\n\t\t\t\t<\/div>\n\t\t<div class=\"elementor-element elementor-element-629a503 elementor-hidden-tablet elementor-hidden-mobile e-flex e-con-boxed e-con e-child\" data-id=\"629a503\" data-element_type=\"container\" data-settings=\"{&quot;background_background&quot;:&quot;classic&quot;}\">\n\t\t\t\t\t<div class=\"e-con-inner\">\n\t\t\t\t\t<\/div>\n\t\t\t\t<\/div>\n\t\t\t\t\t<\/div>\n\t\t\t\t<\/div>\n\t\t<div class=\"elementor-element elementor-element-f1ef430 e-flex e-con-boxed e-con e-parent\" data-id=\"f1ef430\" data-element_type=\"container\">\n\t\t\t\t\t<div class=\"e-con-inner\">\n\t\t<div class=\"elementor-element elementor-element-cd853a5 e-con-full e-flex e-con e-child\" data-id=\"cd853a5\" data-element_type=\"container\">\n\t\t\t\t<div class=\"elementor-element elementor-element-caf275e elementor-widget elementor-widget-heading\" data-id=\"caf275e\" data-element_type=\"widget\" data-widget_type=\"heading.default\">\n\t\t\t\t<div class=\"elementor-widget-container\">\n\t\t\t\t\t<h2 class=\"elementor-heading-title elementor-size-default\">Solids European Series<\/h2>\t\t\t\t<\/div>\n\t\t\t\t<\/div>\n\t\t\t\t<div class=\"elementor-element elementor-element-785e08f elementor-widget elementor-widget-text-editor\" data-id=\"785e08f\" data-element_type=\"widget\" data-widget_type=\"text-editor.default\">\n\t\t\t\t<div class=\"elementor-widget-container\">\n\t\t\t\t\t\t\t\t\t<p>Les foires Solids vous emm\u00e8nent au c\u0153ur de <strong>l&rsquo;industrie du vrac<\/strong> : chaque site est soigneusement choisi au c\u0153ur d&rsquo;une agglom\u00e9ration importante : nous amenons la foire au march\u00e9 !<\/p>\n<p>Les diff\u00e9rents salons sont reconnus comme \u00e9tant les <strong>plateformes de r\u00e9seautage<\/strong> les plus pr\u00e9cieuses dans leur r\u00e9gion pour la communaut\u00e9 des poudres et des produits en vrac. Les d\u00e9cideurs utilisent la s\u00e9rie europ\u00e9enne pour<\/p>\n<ul>\n<li>\u00e9tablir de <strong>nouveaux contacts commerciaux<\/strong><\/li>\n<li>conclure <strong>des affaires<\/strong><\/li>\n<li>s&rsquo;<strong>informer sur les derniers d\u00e9veloppements<\/strong> en mati\u00e8re de traitement, de stockage et de transport.<\/li>\n<\/ul>\n\t\t\t\t\t\t\t\t<\/div>\n\t\t\t\t<\/div>\n\t\t\t\t<div class=\"elementor-element elementor-element-42eea5e elementor-align-left elementor-widget elementor-widget-button\" data-id=\"42eea5e\" data-element_type=\"widget\" data-widget_type=\"button.default\">\n\t\t\t\t<div class=\"elementor-widget-container\">\n\t\t\t\t\t\t\t\t\t<div class=\"elementor-button-wrapper\">\n\t\t\t\t\t<a class=\"elementor-button elementor-button-link elementor-size-sm\" href=\"https:\/\/www.solids-european-series.com\/\" target=\"_blank\">\n\t\t\t\t\t\t<span class=\"elementor-button-content-wrapper\">\n\t\t\t\t\t\t<span class=\"elementor-button-icon\">\n\t\t\t\t<i aria-hidden=\"true\" class=\"fas fa-long-arrow-alt-right\"><\/i>\t\t\t<\/span>\n\t\t\t\t\t\t\t\t\t<span class=\"elementor-button-text\">Visitez le site web de Solids European<\/span>\n\t\t\t\t\t<\/span>\n\t\t\t\t\t<\/a>\n\t\t\t\t<\/div>\n\t\t\t\t\t\t\t\t<\/div>\n\t\t\t\t<\/div>\n\t\t\t\t<\/div>\n\t\t\t\t\t<\/div>\n\t\t\t\t<\/div>\n\t\t<div class=\"elementor-element elementor-element-819999a e-flex e-con-boxed e-con e-parent\" data-id=\"819999a\" data-element_type=\"container\">\n\t\t\t\t\t<div class=\"e-con-inner\">\n\t\t\t\t<div class=\"elementor-element elementor-element-5496ace elementor-hidden-desktop elementor-hidden-tablet elementor-hidden-mobile elementor-widget elementor-widget-image\" data-id=\"5496ace\" data-element_type=\"widget\" data-widget_type=\"image.default\">\n\t\t\t\t<div class=\"elementor-widget-container\">\n\t\t\t\t\t\t\t\t\t\t\t\t\t\t\t<img fetchpriority=\"high\" decoding=\"async\" width=\"800\" height=\"471\" src=\"https:\/\/easyfairsassets.com\/sites\/233\/2023\/10\/solids-european-series-1024x603.png\" class=\"attachment-large size-large wp-image-89038\" alt=\"\" srcset=\"https:\/\/easyfairsassets.com\/sites\/233\/2023\/10\/solids-european-series-1024x603.png 1024w, https:\/\/easyfairsassets.com\/sites\/233\/2023\/10\/solids-european-series-300x177.png 300w, https:\/\/easyfairsassets.com\/sites\/233\/2023\/10\/solids-european-series-768x452.png 768w, https:\/\/easyfairsassets.com\/sites\/233\/2023\/10\/solids-european-series.png 1391w\" sizes=\"(max-width: 800px) 100vw, 800px\" \/>\t\t\t\t\t\t\t\t\t\t\t\t\t\t\t<\/div>\n\t\t\t\t<\/div>\n\t\t\t\t\t<\/div>\n\t\t\t\t<\/div>\n\t\t\t\t<\/div>\n\t\t","protected":false},"excerpt":{"rendered":"<p>Manifestations commerciales dans toute l&rsquo;Europe pour les technologies des poudres et des produits en vrac Solids European Series Les foires Solids vous emm\u00e8nent au c\u0153ur de l&rsquo;industrie du vrac : chaque site est soigneusement choisi au c\u0153ur d&rsquo;une agglom\u00e9ration importante : nous amenons la foire au march\u00e9 ! Les diff\u00e9rents salons sont reconnus comme \u00e9tant [&hellip;]<\/p>\n","protected":false},"author":39,"featured_media":0,"parent":0,"menu_order":0,"comment_status":"closed","ping_status":"closed","template":"","meta":{"_seopress_robots_primary_cat":"","_seopress_titles_title":"La s\u00e9rie europ\u00e9enne 'Solids'","_seopress_titles_desc":"Gr\u00e2ce \u00e0 la s\u00e9rie europ\u00e9enne 'Solids', vous pouvez nouer de nouveaux contacts professionnels, conclure des affaires et vous tenir au courant des derniers d\u00e9veloppements en mati\u00e8re de traitement, de stockage et de transport.","_seopress_robots_index":"","footnotes":""},"class_list":["post-11145","page","type-page","status-publish","hentry"],"_links":{"self":[{"href":"https:\/\/www.solids-antwerp.be\/fr\/wp-json\/wp\/v2\/pages\/11145","targetHints":{"allow":["GET"]}}],"collection":[{"href":"https:\/\/www.solids-antwerp.be\/fr\/wp-json\/wp\/v2\/pages"}],"about":[{"href":"https:\/\/www.solids-antwerp.be\/fr\/wp-json\/wp\/v2\/types\/page"}],"author":[{"embeddable":true,"href":"https:\/\/www.solids-antwerp.be\/fr\/wp-json\/wp\/v2\/users\/39"}],"replies":[{"embeddable":true,"href":"https:\/\/www.solids-antwerp.be\/fr\/wp-json\/wp\/v2\/comments?post=11145"}],"version-history":[{"count":5,"href":"https:\/\/www.solids-antwerp.be\/fr\/wp-json\/wp\/v2\/pages\/11145\/revisions"}],"predecessor-version":[{"id":108050,"href":"https:\/\/www.solids-antwerp.be\/fr\/wp-json\/wp\/v2\/pages\/11145\/revisions\/108050"}],"wp:attachment":[{"href":"https:\/\/www.solids-antwerp.be\/fr\/wp-json\/wp\/v2\/media?parent=11145"}],"curies":[{"name":"wp","href":"https:\/\/api.w.org\/{rel}","templated":true}]}}