{"id":11238,"date":"2021-12-13T17:10:47","date_gmt":"2021-12-13T16:10:47","guid":{"rendered":"https:\/\/www.solids-antwerp.be\/formules-de-stand\/"},"modified":"2026-02-16T16:01:21","modified_gmt":"2026-02-16T15:01:21","slug":"formules-de-stand","status":"publish","type":"page","link":"https:\/\/www.solids-antwerp.be\/fr\/formules-de-stand\/","title":{"rendered":"Formules de stand"},"content":{"rendered":"\t\t<div data-elementor-type=\"wp-page\" data-elementor-id=\"11238\" class=\"elementor elementor-11238 elementor-6305\" data-elementor-post-type=\"page\">\n\t\t\t\t<div class=\"elementor-element elementor-element-704b518 e-flex e-con-boxed e-con e-parent\" data-id=\"704b518\" data-element_type=\"container\" data-settings=\"{&quot;background_background&quot;:&quot;classic&quot;}\">\n\t\t\t\t\t<div class=\"e-con-inner\">\n\t\t<div class=\"elementor-element elementor-element-18cf4c4 e-con-full e-flex e-con e-child\" data-id=\"18cf4c4\" data-element_type=\"container\">\n\t\t\t\t<div class=\"elementor-element elementor-element-8ba507c elementor-widget elementor-widget-heading\" data-id=\"8ba507c\" data-element_type=\"widget\" data-widget_type=\"heading.default\">\n\t\t\t\t<div class=\"elementor-widget-container\">\n\t\t\t\t\t<h1 class=\"elementor-heading-title elementor-size-default\">Quelle formule de stand convient le mieux \u00e0 mon entreprise ?<\/h1>\t\t\t\t<\/div>\n\t\t\t\t<\/div>\n\t\t\t\t<div class=\"elementor-element elementor-element-3bb1050 elementor-widget elementor-widget-button\" data-id=\"3bb1050\" data-element_type=\"widget\" data-widget_type=\"button.default\">\n\t\t\t\t<div class=\"elementor-widget-container\">\n\t\t\t\t\t\t\t\t\t<div class=\"elementor-button-wrapper\">\n\t\t\t\t\t<a class=\"elementor-button elementor-button-link elementor-size-sm\" href=\"https:\/\/www.solids-antwerp.be\/fr\/contact\/\">\n\t\t\t\t\t\t<span class=\"elementor-button-content-wrapper\">\n\t\t\t\t\t\t<span class=\"elementor-button-icon\">\n\t\t\t\t<i aria-hidden=\"true\" class=\"fas fa-long-arrow-alt-right\"><\/i>\t\t\t<\/span>\n\t\t\t\t\t\t\t\t\t<span class=\"elementor-button-text\">Oui, je souhaite participer<\/span>\n\t\t\t\t\t<\/span>\n\t\t\t\t\t<\/a>\n\t\t\t\t<\/div>\n\t\t\t\t\t\t\t\t<\/div>\n\t\t\t\t<\/div>\n\t\t\t\t<\/div>\n\t\t<div class=\"elementor-element elementor-element-e9ea10f elementor-hidden-tablet elementor-hidden-mobile e-flex e-con-boxed e-con e-child\" data-id=\"e9ea10f\" data-element_type=\"container\" data-settings=\"{&quot;background_background&quot;:&quot;classic&quot;}\">\n\t\t\t\t\t<div class=\"e-con-inner\">\n\t\t\t\t\t<\/div>\n\t\t\t\t<\/div>\n\t\t\t\t\t<\/div>\n\t\t\t\t<\/div>\n\t\t<div class=\"elementor-element elementor-element-254aa5a e-flex e-con-boxed e-con e-parent\" data-id=\"254aa5a\" data-element_type=\"container\">\n\t\t\t\t\t<div class=\"e-con-inner\">\n\t\t<div class=\"elementor-element elementor-element-4175463 e-con-full e-flex e-con e-child\" data-id=\"4175463\" data-element_type=\"container\" data-settings=\"{&quot;background_background&quot;:&quot;classic&quot;}\">\n\t\t\t\t<div class=\"elementor-element elementor-element-fd83957 elementor-widget elementor-widget-image\" data-id=\"fd83957\" data-element_type=\"widget\" data-widget_type=\"image.default\">\n\t\t\t\t<div class=\"elementor-widget-container\">\n\t\t\t\t\t\t\t\t\t\t\t\t\t\t\t<img fetchpriority=\"high\" decoding=\"async\" width=\"300\" height=\"200\" src=\"https:\/\/easyfairsassets.com\/sites\/233\/2026\/02\/All-in-Matrix-White-1-300x200.jpg\" class=\"attachment-medium size-medium wp-image-124754\" alt=\"\" srcset=\"https:\/\/easyfairsassets.com\/sites\/233\/2026\/02\/All-in-Matrix-White-1-300x200.jpg 300w, https:\/\/easyfairsassets.com\/sites\/233\/2026\/02\/All-in-Matrix-White-1-1024x684.jpg 1024w, https:\/\/easyfairsassets.com\/sites\/233\/2026\/02\/All-in-Matrix-White-1-768x513.jpg 768w, https:\/\/easyfairsassets.com\/sites\/233\/2026\/02\/All-in-Matrix-White-1-1536x1026.jpg 1536w, https:\/\/easyfairsassets.com\/sites\/233\/2026\/02\/All-in-Matrix-White-1.jpg 1920w\" sizes=\"(max-width: 300px) 100vw, 300px\" \/>\t\t\t\t\t\t\t\t\t\t\t\t\t\t\t<\/div>\n\t\t\t\t<\/div>\n\t\t\t\t<div class=\"elementor-element elementor-element-0b77d39 elementor-widget elementor-widget-icon-box\" data-id=\"0b77d39\" data-element_type=\"widget\" data-widget_type=\"icon-box.default\">\n\t\t\t\t<div class=\"elementor-widget-container\">\n\t\t\t\t\t\t\t<div class=\"elementor-icon-box-wrapper\">\n\n\t\t\t\n\t\t\t\t\t\t<div class=\"elementor-icon-box-content\">\n\n\t\t\t\t\t\t\t\t\t<h3 class=\"elementor-icon-box-title\">\n\t\t\t\t\t\t<span  >\n\t\t\t\t\t\t\tALL-IN MATRIX\t\t\t\t\t\t<\/span>\n\t\t\t\t\t<\/h3>\n\t\t\t\t\n\t\t\t\t\t\t\t\t\t<p class=\"elementor-icon-box-description\">\n\t\t\t\t\t\tPour ce stand All-in Matrix, une structure <\/b> fonctionnelle <b> est n\u00e9cessaire afin de pr\u00e9senter votre mat\u00e9riel et de mener vos activit\u00e9s professionnelles. Votre premier objectif est d\u2019\u00e9tablir des contacts et de collecter des leads.<br>*mobilier non compris*\t\t\t\t\t<\/p>\n\t\t\t\t\n\t\t\t<\/div>\n\t\t\t\n\t\t<\/div>\n\t\t\t\t\t\t<\/div>\n\t\t\t\t<\/div>\n\t\t\t\t<div class=\"elementor-element elementor-element-9664eeb elementor-align-center elementor-widget elementor-widget-button\" data-id=\"9664eeb\" data-element_type=\"widget\" data-widget_type=\"button.default\">\n\t\t\t\t<div class=\"elementor-widget-container\">\n\t\t\t\t\t\t\t\t\t<div class=\"elementor-button-wrapper\">\n\t\t\t\t\t<a class=\"elementor-button elementor-button-link elementor-size-sm\" href=\"mailto:solids.ops@easyfairs.com\">\n\t\t\t\t\t\t<span class=\"elementor-button-content-wrapper\">\n\t\t\t\t\t\t\t\t\t<span class=\"elementor-button-text\">Plus d'info<\/span>\n\t\t\t\t\t<\/span>\n\t\t\t\t\t<\/a>\n\t\t\t\t<\/div>\n\t\t\t\t\t\t\t\t<\/div>\n\t\t\t\t<\/div>\n\t\t\t\t<\/div>\n\t\t<div class=\"elementor-element elementor-element-c689197 e-con-full e-flex e-con e-child\" data-id=\"c689197\" data-element_type=\"container\" data-settings=\"{&quot;background_background&quot;:&quot;classic&quot;}\">\n\t\t\t\t<div class=\"elementor-element elementor-element-fd65c02 elementor-widget elementor-widget-image\" data-id=\"fd65c02\" data-element_type=\"widget\" data-widget_type=\"image.default\">\n\t\t\t\t<div class=\"elementor-widget-container\">\n\t\t\t\t\t\t\t\t\t\t\t\t\t\t\t<img decoding=\"async\" width=\"300\" height=\"200\" src=\"https:\/\/easyfairsassets.com\/sites\/233\/2026\/02\/All-In-Plus-Truss-4-300x200.jpg\" class=\"attachment-medium size-medium wp-image-124760\" alt=\"\" srcset=\"https:\/\/easyfairsassets.com\/sites\/233\/2026\/02\/All-In-Plus-Truss-4-300x200.jpg 300w, https:\/\/easyfairsassets.com\/sites\/233\/2026\/02\/All-In-Plus-Truss-4-1024x684.jpg 1024w, https:\/\/easyfairsassets.com\/sites\/233\/2026\/02\/All-In-Plus-Truss-4-768x513.jpg 768w, https:\/\/easyfairsassets.com\/sites\/233\/2026\/02\/All-In-Plus-Truss-4-1536x1026.jpg 1536w, https:\/\/easyfairsassets.com\/sites\/233\/2026\/02\/All-In-Plus-Truss-4.jpg 1920w\" sizes=\"(max-width: 300px) 100vw, 300px\" \/>\t\t\t\t\t\t\t\t\t\t\t\t\t\t\t<\/div>\n\t\t\t\t<\/div>\n\t\t\t\t<div class=\"elementor-element elementor-element-5e6e79d elementor-widget elementor-widget-icon-box\" data-id=\"5e6e79d\" data-element_type=\"widget\" data-widget_type=\"icon-box.default\">\n\t\t\t\t<div class=\"elementor-widget-container\">\n\t\t\t\t\t\t\t<div class=\"elementor-icon-box-wrapper\">\n\n\t\t\t\n\t\t\t\t\t\t<div class=\"elementor-icon-box-content\">\n\n\t\t\t\t\t\t\t\t\t<h3 class=\"elementor-icon-box-title\">\n\t\t\t\t\t\t<span  >\n\t\t\t\t\t\t\tALL-IN PLUS TRUSS\t\t\t\t\t\t<\/span>\n\t\t\t\t\t<\/h3>\n\t\t\t\t\n\t\t\t\t\t\t\t\t\t<p class=\"elementor-icon-box-description\">\n\t\t\t\t\t\tVous souhaitez avoir une <b>pr\u00e9sence importante<\/b> via le stand All-in Plus Truss. Outre la collecte de prospects et l'\u00e9tablissement de nouveaux contacts, vous souhaitez recevoir vos relations de mani\u00e8re appropri\u00e9e, dans un cadre plus spacieux qui refl\u00e8te l'identit\u00e9 de votre entreprise.<br>*mobilier non compris*\t\t\t\t\t<\/p>\n\t\t\t\t\n\t\t\t<\/div>\n\t\t\t\n\t\t<\/div>\n\t\t\t\t\t\t<\/div>\n\t\t\t\t<\/div>\n\t\t\t\t<div class=\"elementor-element elementor-element-d9da90d elementor-align-left elementor-widget elementor-widget-button\" data-id=\"d9da90d\" data-element_type=\"widget\" data-widget_type=\"button.default\">\n\t\t\t\t<div class=\"elementor-widget-container\">\n\t\t\t\t\t\t\t\t\t<div class=\"elementor-button-wrapper\">\n\t\t\t\t\t<a class=\"elementor-button elementor-button-link elementor-size-sm\" href=\"mailto:solids.ops@easyfairs.com\">\n\t\t\t\t\t\t<span class=\"elementor-button-content-wrapper\">\n\t\t\t\t\t\t\t\t\t<span class=\"elementor-button-text\">Plus d'info<\/span>\n\t\t\t\t\t<\/span>\n\t\t\t\t\t<\/a>\n\t\t\t\t<\/div>\n\t\t\t\t\t\t\t\t<\/div>\n\t\t\t\t<\/div>\n\t\t\t\t<\/div>\n\t\t\t\t\t<\/div>\n\t\t\t\t<\/div>\n\t\t<div class=\"elementor-element elementor-element-444b878 e-flex e-con-boxed e-con e-parent\" data-id=\"444b878\" data-element_type=\"container\">\n\t\t\t\t\t<div class=\"e-con-inner\">\n\t\t<div class=\"elementor-element elementor-element-16c7b0a e-con-full e-flex e-con e-child\" data-id=\"16c7b0a\" data-element_type=\"container\" data-settings=\"{&quot;background_background&quot;:&quot;classic&quot;}\">\n\t\t\t\t<div class=\"elementor-element elementor-element-1533d04 elementor-widget elementor-widget-image\" data-id=\"1533d04\" data-element_type=\"widget\" data-widget_type=\"image.default\">\n\t\t\t\t<div class=\"elementor-widget-container\">\n\t\t\t\t\t\t\t\t\t\t\t\t\t\t\t<img decoding=\"async\" width=\"300\" height=\"200\" src=\"https:\/\/easyfairsassets.com\/sites\/233\/2026\/02\/All-in-Plus-Matrix-300x200.jpg\" class=\"attachment-medium size-medium wp-image-124757\" alt=\"\" srcset=\"https:\/\/easyfairsassets.com\/sites\/233\/2026\/02\/All-in-Plus-Matrix-300x200.jpg 300w, https:\/\/easyfairsassets.com\/sites\/233\/2026\/02\/All-in-Plus-Matrix-1024x684.jpg 1024w, https:\/\/easyfairsassets.com\/sites\/233\/2026\/02\/All-in-Plus-Matrix-768x513.jpg 768w, https:\/\/easyfairsassets.com\/sites\/233\/2026\/02\/All-in-Plus-Matrix-1536x1026.jpg 1536w, https:\/\/easyfairsassets.com\/sites\/233\/2026\/02\/All-in-Plus-Matrix.jpg 1920w\" sizes=\"(max-width: 300px) 100vw, 300px\" \/>\t\t\t\t\t\t\t\t\t\t\t\t\t\t\t<\/div>\n\t\t\t\t<\/div>\n\t\t\t\t<div class=\"elementor-element elementor-element-20da684 elementor-widget elementor-widget-icon-box\" data-id=\"20da684\" data-element_type=\"widget\" data-widget_type=\"icon-box.default\">\n\t\t\t\t<div class=\"elementor-widget-container\">\n\t\t\t\t\t\t\t<div class=\"elementor-icon-box-wrapper\">\n\n\t\t\t\n\t\t\t\t\t\t<div class=\"elementor-icon-box-content\">\n\n\t\t\t\t\t\t\t\t\t<h3 class=\"elementor-icon-box-title\">\n\t\t\t\t\t\t<span  >\n\t\t\t\t\t\t\tALL-IN PLUS MATRIX\t\t\t\t\t\t<\/span>\n\t\t\t\t\t<\/h3>\n\t\t\t\t\n\t\t\t\t\t\t\t\t\t<p class=\"elementor-icon-box-description\">\n\t\t\t\t\t\tVous souhaitez b\u00e9n\u00e9ficier d'une pr\u00e9sence <b>pro\u00e9minente<\/b> gr\u00e2ce au stand All-in Plus Matrix. Outre la collecte de prospects et l'\u00e9tablissement de nouveaux contacts, vous souhaitez accueillir vos relations dans un cadre spacieux qui refl\u00e8te votre identit\u00e9 visuelle.<br>*mobilier non compris*\t\t\t\t\t<\/p>\n\t\t\t\t\n\t\t\t<\/div>\n\t\t\t\n\t\t<\/div>\n\t\t\t\t\t\t<\/div>\n\t\t\t\t<\/div>\n\t\t\t\t<div class=\"elementor-element elementor-element-f344f36 elementor-align-left elementor-widget elementor-widget-button\" data-id=\"f344f36\" data-element_type=\"widget\" data-widget_type=\"button.default\">\n\t\t\t\t<div class=\"elementor-widget-container\">\n\t\t\t\t\t\t\t\t\t<div class=\"elementor-button-wrapper\">\n\t\t\t\t\t<a class=\"elementor-button elementor-button-link elementor-size-sm\" href=\"mailto:solids.ops@easyfairs.com\">\n\t\t\t\t\t\t<span class=\"elementor-button-content-wrapper\">\n\t\t\t\t\t\t\t\t\t<span class=\"elementor-button-text\">Plus d'info<\/span>\n\t\t\t\t\t<\/span>\n\t\t\t\t\t<\/a>\n\t\t\t\t<\/div>\n\t\t\t\t\t\t\t\t<\/div>\n\t\t\t\t<\/div>\n\t\t\t\t<\/div>\n\t\t<div class=\"elementor-element elementor-element-af1a4e6 e-con-full e-flex e-con e-child\" data-id=\"af1a4e6\" data-element_type=\"container\" data-settings=\"{&quot;background_background&quot;:&quot;classic&quot;}\">\n\t\t\t\t<div class=\"elementor-element elementor-element-b26ce91 elementor-widget elementor-widget-image\" data-id=\"b26ce91\" data-element_type=\"widget\" data-widget_type=\"image.default\">\n\t\t\t\t<div class=\"elementor-widget-container\">\n\t\t\t\t\t\t\t\t\t\t\t\t\t\t\t<img loading=\"lazy\" decoding=\"async\" width=\"300\" height=\"200\" src=\"https:\/\/easyfairsassets.com\/sites\/233\/2026\/02\/space-only-e1770989029377.png\" class=\"attachment-medium size-medium wp-image-124763\" alt=\"\" \/>\t\t\t\t\t\t\t\t\t\t\t\t\t\t\t<\/div>\n\t\t\t\t<\/div>\n\t\t\t\t<div class=\"elementor-element elementor-element-e9f724e elementor-widget elementor-widget-icon-box\" data-id=\"e9f724e\" data-element_type=\"widget\" data-widget_type=\"icon-box.default\">\n\t\t\t\t<div class=\"elementor-widget-container\">\n\t\t\t\t\t\t\t<div class=\"elementor-icon-box-wrapper\">\n\n\t\t\t\n\t\t\t\t\t\t<div class=\"elementor-icon-box-content\">\n\n\t\t\t\t\t\t\t\t\t<h3 class=\"elementor-icon-box-title\">\n\t\t\t\t\t\t<span  >\n\t\t\t\t\t\t\tSPACE ONLY\t\t\t\t\t\t<\/span>\n\t\t\t\t\t<\/h3>\n\t\t\t\t\n\t\t\t\t\t\t\t\t\t<p class=\"elementor-icon-box-description\">\n\t\t\t\t\t\t<b>Surface au sol nue<\/b> pour la construction de stands sur mesure ! Demandez plus d'informations.\t\t\t\t\t<\/p>\n\t\t\t\t\n\t\t\t<\/div>\n\t\t\t\n\t\t<\/div>\n\t\t\t\t\t\t<\/div>\n\t\t\t\t<\/div>\n\t\t\t\t<div class=\"elementor-element elementor-element-a8cb014 elementor-widget elementor-widget-spacer\" data-id=\"a8cb014\" data-element_type=\"widget\" data-widget_type=\"spacer.default\">\n\t\t\t\t<div class=\"elementor-widget-container\">\n\t\t\t\t\t\t\t<div class=\"elementor-spacer\">\n\t\t\t<div class=\"elementor-spacer-inner\"><\/div>\n\t\t<\/div>\n\t\t\t\t\t\t<\/div>\n\t\t\t\t<\/div>\n\t\t\t\t<div class=\"elementor-element elementor-element-2d6e0ec elementor-align-left elementor-widget elementor-widget-button\" data-id=\"2d6e0ec\" data-element_type=\"widget\" data-widget_type=\"button.default\">\n\t\t\t\t<div class=\"elementor-widget-container\">\n\t\t\t\t\t\t\t\t\t<div class=\"elementor-button-wrapper\">\n\t\t\t\t\t<a class=\"elementor-button elementor-button-link elementor-size-sm\" href=\"mailto:solids.ops@easyfairs.com\">\n\t\t\t\t\t\t<span class=\"elementor-button-content-wrapper\">\n\t\t\t\t\t\t\t\t\t<span class=\"elementor-button-text\">Plus d'info<\/span>\n\t\t\t\t\t<\/span>\n\t\t\t\t\t<\/a>\n\t\t\t\t<\/div>\n\t\t\t\t\t\t\t\t<\/div>\n\t\t\t\t<\/div>\n\t\t\t\t<\/div>\n\t\t\t\t\t<\/div>\n\t\t\t\t<\/div>\n\t\t<div class=\"elementor-element elementor-element-71c668d e-flex e-con-boxed e-con e-parent\" data-id=\"71c668d\" data-element_type=\"container\">\n\t\t\t\t\t<div class=\"e-con-inner\">\n\t\t<div class=\"elementor-element elementor-element-067c4d9 e-con-full e-flex e-con e-child\" data-id=\"067c4d9\" data-element_type=\"container\" data-settings=\"{&quot;background_background&quot;:&quot;classic&quot;}\">\n\t\t\t\t<div class=\"elementor-element elementor-element-2c4156b elementor-widget__width-initial elementor-widget elementor-widget-image\" data-id=\"2c4156b\" data-element_type=\"widget\" data-widget_type=\"image.default\">\n\t\t\t\t<div class=\"elementor-widget-container\">\n\t\t\t\t\t\t\t\t\t\t\t\t\t\t\t<img loading=\"lazy\" decoding=\"async\" width=\"300\" height=\"225\" src=\"https:\/\/easyfairsassets.com\/sites\/233\/2026\/02\/start-up-300x225.webp\" class=\"attachment-medium size-medium wp-image-124780\" alt=\"\" srcset=\"https:\/\/easyfairsassets.com\/sites\/233\/2026\/02\/start-up-300x225.webp 300w, https:\/\/easyfairsassets.com\/sites\/233\/2026\/02\/start-up.webp 338w\" sizes=\"(max-width: 300px) 100vw, 300px\" \/>\t\t\t\t\t\t\t\t\t\t\t\t\t\t\t<\/div>\n\t\t\t\t<\/div>\n\t\t\t\t<div class=\"elementor-element elementor-element-493cfb4 elementor-widget elementor-widget-icon-box\" data-id=\"493cfb4\" data-element_type=\"widget\" data-widget_type=\"icon-box.default\">\n\t\t\t\t<div class=\"elementor-widget-container\">\n\t\t\t\t\t\t\t<div class=\"elementor-icon-box-wrapper\">\n\n\t\t\t\n\t\t\t\t\t\t<div class=\"elementor-icon-box-content\">\n\n\t\t\t\t\t\t\t\t\t<h3 class=\"elementor-icon-box-title\">\n\t\t\t\t\t\t<span  >\n\t\t\t\t\t\t\tRECYCLING VILLAGE\t\t\t\t\t\t<\/span>\n\t\t\t\t\t<\/h3>\n\t\t\t\t\n\t\t\t\t\t\t\t\t\t<p class=\"elementor-icon-box-description\">\n\t\t\t\t\t\tVous \u00eates actif dans le recyclage ou les mat\u00e9riaux secondaires ? Pr\u00e9sentez-vous au sein d'un cluster cibl\u00e9 d'innovateurs circulaires et nouez des contacts avec les principaux d\u00e9cideurs du secteur.\t\t\t\t\t<\/p>\n\t\t\t\t\n\t\t\t<\/div>\n\t\t\t\n\t\t<\/div>\n\t\t\t\t\t\t<\/div>\n\t\t\t\t<\/div>\n\t\t\t\t<div class=\"elementor-element elementor-element-21f369f elementor-align-left elementor-widget elementor-widget-button\" data-id=\"21f369f\" data-element_type=\"widget\" data-widget_type=\"button.default\">\n\t\t\t\t<div class=\"elementor-widget-container\">\n\t\t\t\t\t\t\t\t\t<div class=\"elementor-button-wrapper\">\n\t\t\t\t\t<a class=\"elementor-button elementor-button-link elementor-size-sm\" href=\"mailto:solids.ops@easyfairs.com\">\n\t\t\t\t\t\t<span class=\"elementor-button-content-wrapper\">\n\t\t\t\t\t\t\t\t\t<span class=\"elementor-button-text\">Plus d'info<\/span>\n\t\t\t\t\t<\/span>\n\t\t\t\t\t<\/a>\n\t\t\t\t<\/div>\n\t\t\t\t\t\t\t\t<\/div>\n\t\t\t\t<\/div>\n\t\t\t\t<\/div>\n\t\t<div class=\"elementor-element elementor-element-72d94b5 e-con-full e-flex e-con e-child\" data-id=\"72d94b5\" data-element_type=\"container\" data-settings=\"{&quot;background_background&quot;:&quot;classic&quot;}\">\n\t\t\t\t<div class=\"elementor-element elementor-element-227bd0a elementor-widget elementor-widget-image\" data-id=\"227bd0a\" data-element_type=\"widget\" data-widget_type=\"image.default\">\n\t\t\t\t<div class=\"elementor-widget-container\">\n\t\t\t\t\t\t\t\t\t\t\t\t\t\t\t<img loading=\"lazy\" decoding=\"async\" width=\"300\" height=\"170\" src=\"https:\/\/easyfairsassets.com\/sites\/233\/2026\/02\/recycling-300x170.jpg\" class=\"attachment-medium size-medium wp-image-124777\" alt=\"\" srcset=\"https:\/\/easyfairsassets.com\/sites\/233\/2026\/02\/recycling-300x170.jpg 300w, https:\/\/easyfairsassets.com\/sites\/233\/2026\/02\/recycling.jpg 548w\" sizes=\"(max-width: 300px) 100vw, 300px\" \/>\t\t\t\t\t\t\t\t\t\t\t\t\t\t\t<\/div>\n\t\t\t\t<\/div>\n\t\t\t\t<div class=\"elementor-element elementor-element-b683a3f elementor-widget elementor-widget-icon-box\" data-id=\"b683a3f\" data-element_type=\"widget\" data-widget_type=\"icon-box.default\">\n\t\t\t\t<div class=\"elementor-widget-container\">\n\t\t\t\t\t\t\t<div class=\"elementor-icon-box-wrapper\">\n\n\t\t\t\n\t\t\t\t\t\t<div class=\"elementor-icon-box-content\">\n\n\t\t\t\t\t\t\t\t\t<h3 class=\"elementor-icon-box-title\">\n\t\t\t\t\t\t<span  >\n\t\t\t\t\t\t\tSTART-UP PAVILION\t\t\t\t\t\t<\/span>\n\t\t\t\t\t<\/h3>\n\t\t\t\t\n\t\t\t\t\t\t\t\t\t<p class=\"elementor-icon-box-description\">\n\t\t\t\t\t\tVous \u00eates nouveau dans l'industrie des poudres ou des produits en vrac ? Pr\u00e9sentez votre entreprise, augmentez votre visibilit\u00e9 et entrez en contact avec des clients et partenaires potentiels.\t\t\t\t\t<\/p>\n\t\t\t\t\n\t\t\t<\/div>\n\t\t\t\n\t\t<\/div>\n\t\t\t\t\t\t<\/div>\n\t\t\t\t<\/div>\n\t\t\t\t<div class=\"elementor-element elementor-element-1d2eb40 elementor-align-left elementor-widget elementor-widget-button\" data-id=\"1d2eb40\" data-element_type=\"widget\" data-widget_type=\"button.default\">\n\t\t\t\t<div class=\"elementor-widget-container\">\n\t\t\t\t\t\t\t\t\t<div class=\"elementor-button-wrapper\">\n\t\t\t\t\t<a class=\"elementor-button elementor-button-link elementor-size-sm\" href=\"mailto:solids.ops@easyfairs.com\">\n\t\t\t\t\t\t<span class=\"elementor-button-content-wrapper\">\n\t\t\t\t\t\t\t\t\t<span class=\"elementor-button-text\">Plus d'info<\/span>\n\t\t\t\t\t<\/span>\n\t\t\t\t\t<\/a>\n\t\t\t\t<\/div>\n\t\t\t\t\t\t\t\t<\/div>\n\t\t\t\t<\/div>\n\t\t\t\t<\/div>\n\t\t\t\t\t<\/div>\n\t\t\t\t<\/div>\n\t\t<div class=\"elementor-element elementor-element-b700128 e-flex e-con-boxed e-con e-parent\" data-id=\"b700128\" data-element_type=\"container\">\n\t\t\t\t\t<div class=\"e-con-inner\">\n\t\t<div class=\"elementor-element elementor-element-e8cfac6 e-flex e-con-boxed e-con e-child\" data-id=\"e8cfac6\" data-element_type=\"container\" data-settings=\"{&quot;background_background&quot;:&quot;classic&quot;}\">\n\t\t\t\t\t<div class=\"e-con-inner\">\n\t\t<div class=\"elementor-element elementor-element-efc40f2 e-con-full e-flex e-con e-child\" data-id=\"efc40f2\" data-element_type=\"container\">\n\t\t\t\t<div class=\"elementor-element elementor-element-25c5f0b elementor-widget elementor-widget-text-editor\" data-id=\"25c5f0b\" data-element_type=\"widget\" data-widget_type=\"text-editor.default\">\n\t\t\t\t<div class=\"elementor-widget-container\">\n\t\t\t\t\t\t\t\t\t<p style=\"margin: 0;\" data-mce-style=\"margin: 0;\">Des questions ?<\/p>\n\t\t\t\t\t\t\t\t<\/div>\n\t\t\t\t<\/div>\n\t\t\t\t<\/div>\n\t\t<div class=\"elementor-element elementor-element-59c25f2 e-flex e-con-boxed e-con e-child\" data-id=\"59c25f2\" data-element_type=\"container\">\n\t\t\t\t\t<div class=\"e-con-inner\">\n\t\t\t\t<div class=\"elementor-element elementor-element-1ecebe0 elementor-tablet-align-center elementor-widget elementor-widget-button\" data-id=\"1ecebe0\" data-element_type=\"widget\" data-widget_type=\"button.default\">\n\t\t\t\t<div class=\"elementor-widget-container\">\n\t\t\t\t\t\t\t\t\t<div class=\"elementor-button-wrapper\">\n\t\t\t\t\t<a class=\"elementor-button elementor-button-link elementor-size-lg\" href=\"https:\/\/www.solids-antwerp.be\/fr\/contact\/\" target=\"_blank\">\n\t\t\t\t\t\t<span class=\"elementor-button-content-wrapper\">\n\t\t\t\t\t\t<span class=\"elementor-button-icon\">\n\t\t\t\t<i aria-hidden=\"true\" class=\"fas fa-long-arrow-alt-right\"><\/i>\t\t\t<\/span>\n\t\t\t\t\t\t\t\t\t<span class=\"elementor-button-text\">Contactez nous<\/span>\n\t\t\t\t\t<\/span>\n\t\t\t\t\t<\/a>\n\t\t\t\t<\/div>\n\t\t\t\t\t\t\t\t<\/div>\n\t\t\t\t<\/div>\n\t\t\t\t\t<\/div>\n\t\t\t\t<\/div>\n\t\t\t\t\t<\/div>\n\t\t\t\t<\/div>\n\t\t\t\t\t<\/div>\n\t\t\t\t<\/div>\n\t\t\t\t<\/div>\n\t\t","protected":false},"excerpt":{"rendered":"<p>Quelle formule de stand convient le mieux \u00e0 mon entreprise ? Oui, je souhaite participer ALL-IN MATRIX Pour ce stand All-in Matrix, une structure fonctionnelle est n\u00e9cessaire afin de pr\u00e9senter votre mat\u00e9riel et de mener vos activit\u00e9s professionnelles. Votre premier objectif est d\u2019\u00e9tablir des contacts et de collecter des leads.*mobilier non compris* Plus d&rsquo;info ALL-IN [&hellip;]<\/p>\n","protected":false},"author":39,"featured_media":0,"parent":0,"menu_order":0,"comment_status":"closed","ping_status":"closed","template":"","meta":{"_seopress_robots_primary_cat":"","_seopress_titles_title":"Formules de stand | Solids Anvers 2026","_seopress_titles_desc":"D\u00e9couvrez ici les diff\u00e9rentes formules de stand.","_seopress_robots_index":"","footnotes":""},"class_list":["post-11238","page","type-page","status-publish","hentry"],"_links":{"self":[{"href":"https:\/\/www.solids-antwerp.be\/fr\/wp-json\/wp\/v2\/pages\/11238","targetHints":{"allow":["GET"]}}],"collection":[{"href":"https:\/\/www.solids-antwerp.be\/fr\/wp-json\/wp\/v2\/pages"}],"about":[{"href":"https:\/\/www.solids-antwerp.be\/fr\/wp-json\/wp\/v2\/types\/page"}],"author":[{"embeddable":true,"href":"https:\/\/www.solids-antwerp.be\/fr\/wp-json\/wp\/v2\/users\/39"}],"replies":[{"embeddable":true,"href":"https:\/\/www.solids-antwerp.be\/fr\/wp-json\/wp\/v2\/comments?post=11238"}],"version-history":[{"count":5,"href":"https:\/\/www.solids-antwerp.be\/fr\/wp-json\/wp\/v2\/pages\/11238\/revisions"}],"predecessor-version":[{"id":124880,"href":"https:\/\/www.solids-antwerp.be\/fr\/wp-json\/wp\/v2\/pages\/11238\/revisions\/124880"}],"wp:attachment":[{"href":"https:\/\/www.solids-antwerp.be\/fr\/wp-json\/wp\/v2\/media?parent=11238"}],"curies":[{"name":"wp","href":"https:\/\/api.w.org\/{rel}","templated":true}]}}