{"id":12797,"date":"2022-02-22T16:46:47","date_gmt":"2022-02-22T15:46:47","guid":{"rendered":"https:\/\/www.solids-antwerp.be\/infos-pratiques\/"},"modified":"2026-02-24T14:53:11","modified_gmt":"2026-02-24T13:53:11","slug":"infos-pratiques","status":"publish","type":"page","link":"https:\/\/www.solids-antwerp.be\/fr\/infos-pratiques\/","title":{"rendered":"Infos pratiques"},"content":{"rendered":"\t\t<div data-elementor-type=\"wp-page\" data-elementor-id=\"12797\" class=\"elementor elementor-12797 elementor-197\" data-elementor-post-type=\"page\">\n\t\t\t\t<div class=\"elementor-element elementor-element-d07defc e-flex e-con-boxed e-con e-parent\" data-id=\"d07defc\" data-element_type=\"container\" data-settings=\"{&quot;background_background&quot;:&quot;classic&quot;}\">\n\t\t\t\t\t<div class=\"e-con-inner\">\n\t\t<div class=\"elementor-element elementor-element-5bce60b e-con-full e-flex e-con e-child\" data-id=\"5bce60b\" data-element_type=\"container\">\n\t\t\t\t<div class=\"elementor-element elementor-element-d0d60cb elementor-widget elementor-widget-heading\" data-id=\"d0d60cb\" data-element_type=\"widget\" data-widget_type=\"heading.default\">\n\t\t\t\t<div class=\"elementor-widget-container\">\n\t\t\t\t\t<h1 class=\"elementor-heading-title elementor-size-default\">Infos pratiques<\/h1>\t\t\t\t<\/div>\n\t\t\t\t<\/div>\n\t\t\t\t<\/div>\n\t\t<div class=\"elementor-element elementor-element-ca297cb elementor-hidden-tablet elementor-hidden-mobile e-flex e-con-boxed e-con e-child\" data-id=\"ca297cb\" data-element_type=\"container\" data-settings=\"{&quot;background_background&quot;:&quot;classic&quot;}\">\n\t\t\t\t\t<div class=\"e-con-inner\">\n\t\t\t\t\t<\/div>\n\t\t\t\t<\/div>\n\t\t\t\t\t<\/div>\n\t\t\t\t<\/div>\n\t\t\t\t<section class=\"elementor-section elementor-top-section elementor-element elementor-element-2531a76 elementor-section-boxed elementor-section-height-default elementor-section-height-default\" data-id=\"2531a76\" data-element_type=\"section\">\n\t\t\t\t\t\t<div class=\"elementor-container elementor-column-gap-default\">\n\t\t\t\t\t<div class=\"elementor-column elementor-col-100 elementor-top-column elementor-element elementor-element-0a418cf\" data-id=\"0a418cf\" data-element_type=\"column\">\n\t\t\t<div class=\"elementor-widget-wrap elementor-element-populated\">\n\t\t\t\t\t\t<section class=\"elementor-section elementor-inner-section elementor-element elementor-element-205c8cd elementor-section-boxed elementor-section-height-default elementor-section-height-default\" data-id=\"205c8cd\" data-element_type=\"section\">\n\t\t\t\t\t\t<div class=\"elementor-container elementor-column-gap-default\">\n\t\t\t\t\t<div class=\"elementor-column elementor-col-50 elementor-inner-column elementor-element elementor-element-8e13931 elementor-invisible\" data-id=\"8e13931\" data-element_type=\"column\" data-settings=\"{&quot;animation&quot;:&quot;fadeInRight&quot;,&quot;background_background&quot;:&quot;classic&quot;}\">\n\t\t\t<div class=\"elementor-widget-wrap elementor-element-populated\">\n\t\t\t\t\t\t<div class=\"elementor-element elementor-element-5ac9b9a elementor-view-default elementor-widget elementor-widget-icon\" data-id=\"5ac9b9a\" data-element_type=\"widget\" data-widget_type=\"icon.default\">\n\t\t\t\t<div class=\"elementor-widget-container\">\n\t\t\t\t\t\t\t<div class=\"elementor-icon-wrapper\">\n\t\t\t<div class=\"elementor-icon\">\n\t\t\t<i aria-hidden=\"true\" class=\"fas fa-map-marker-alt\"><\/i>\t\t\t<\/div>\n\t\t<\/div>\n\t\t\t\t\t\t<\/div>\n\t\t\t\t<\/div>\n\t\t\t\t<div class=\"elementor-element elementor-element-0f9bea8 elementor-widget elementor-widget-text-editor\" data-id=\"0f9bea8\" data-element_type=\"widget\" data-widget_type=\"text-editor.default\">\n\t\t\t\t<div class=\"elementor-widget-container\">\n\t\t\t\t\t\t\t\t\t<h2 style=\"text-align: center;\">Antwerp Expo<\/h2>\n<p><\/p>\n<p style=\"text-align: center;\">Jan Van Rijswijcklaan 191<\/p>\n<p><\/p>\n<p style=\"text-align: center;\">2020 Anvers<\/p>\n\t\t\t\t\t\t\t\t<\/div>\n\t\t\t\t<\/div>\n\t\t\t\t<div class=\"elementor-element elementor-element-19d658b elementor-align-center elementor-widget elementor-widget-button\" data-id=\"19d658b\" data-element_type=\"widget\" data-widget_type=\"button.default\">\n\t\t\t\t<div class=\"elementor-widget-container\">\n\t\t\t\t\t\t\t\t\t<div class=\"elementor-button-wrapper\">\n\t\t\t\t\t<a class=\"elementor-button elementor-button-link elementor-size-sm\" href=\"https:\/\/www.antwerpexpo.be\/bereikbaarheid-en-parking\/\" target=\"_blank\">\n\t\t\t\t\t\t<span class=\"elementor-button-content-wrapper\">\n\t\t\t\t\t\t<span class=\"elementor-button-icon\">\n\t\t\t\t<i aria-hidden=\"true\" class=\"fas fa-long-arrow-alt-right\"><\/i>\t\t\t<\/span>\n\t\t\t\t\t\t\t\t\t<span class=\"elementor-button-text\">Accessibilit\u00e9<\/span>\n\t\t\t\t\t<\/span>\n\t\t\t\t\t<\/a>\n\t\t\t\t<\/div>\n\t\t\t\t\t\t\t\t<\/div>\n\t\t\t\t<\/div>\n\t\t\t\t\t<\/div>\n\t\t<\/div>\n\t\t\t\t<div class=\"elementor-column elementor-col-50 elementor-inner-column elementor-element elementor-element-9c95e38 elementor-invisible\" data-id=\"9c95e38\" data-element_type=\"column\" data-settings=\"{&quot;animation&quot;:&quot;fadeInRight&quot;,&quot;background_background&quot;:&quot;classic&quot;}\">\n\t\t\t<div class=\"elementor-widget-wrap elementor-element-populated\">\n\t\t\t\t\t\t<div class=\"elementor-element elementor-element-9675c95 elementor-view-default elementor-widget elementor-widget-icon\" data-id=\"9675c95\" data-element_type=\"widget\" data-widget_type=\"icon.default\">\n\t\t\t\t<div class=\"elementor-widget-container\">\n\t\t\t\t\t\t\t<div class=\"elementor-icon-wrapper\">\n\t\t\t<div class=\"elementor-icon\">\n\t\t\t<i aria-hidden=\"true\" class=\"fas fa-clock\"><\/i>\t\t\t<\/div>\n\t\t<\/div>\n\t\t\t\t\t\t<\/div>\n\t\t\t\t<\/div>\n\t\t\t\t<div class=\"elementor-element elementor-element-a25bc4c elementor-widget elementor-widget-text-editor\" data-id=\"a25bc4c\" data-element_type=\"widget\" data-widget_type=\"text-editor.default\">\n\t\t\t\t<div class=\"elementor-widget-container\">\n\t\t\t\t\t\t\t\t\t<h2 style=\"text-align: center;\">Heures d&rsquo;ouverture<\/h2>\n<p><\/p>\n<div>\n<p>Mercredi 21 octobre : 10h &#8211; 18h<br \/>\n(suivi d&rsquo;un afterwork)<\/p>\n<p>Jeudi 22 octobre : 10h &#8211; 17h<\/p>\n<\/div>\n\t\t\t\t\t\t\t\t<\/div>\n\t\t\t\t<\/div>\n\t\t\t\t\t<\/div>\n\t\t<\/div>\n\t\t\t\t\t<\/div>\n\t\t<\/section>\n\t\t\t\t\t<\/div>\n\t\t<\/div>\n\t\t\t\t\t<\/div>\n\t\t<\/section>\n\t\t<div class=\"elementor-element elementor-element-6e272ff e-flex e-con-boxed e-con e-parent\" data-id=\"6e272ff\" data-element_type=\"container\">\n\t\t\t\t\t<div class=\"e-con-inner\">\n\t\t<div class=\"elementor-element elementor-element-045f798 e-con-full e-flex e-con e-child\" data-id=\"045f798\" data-element_type=\"container\">\n\t\t\t\t<div class=\"elementor-element elementor-element-388bb8b elementor-widget elementor-widget-heading\" data-id=\"388bb8b\" data-element_type=\"widget\" data-widget_type=\"heading.default\">\n\t\t\t\t<div class=\"elementor-widget-container\">\n\t\t\t\t\t<h3 class=\"elementor-heading-title elementor-size-default\">Navettes<\/h3>\t\t\t\t<\/div>\n\t\t\t\t<\/div>\n\t\t\t\t<div class=\"elementor-element elementor-element-1eb86bd elementor-widget elementor-widget-text-editor\" data-id=\"1eb86bd\" data-element_type=\"widget\" data-widget_type=\"text-editor.default\">\n\t\t\t\t<div class=\"elementor-widget-container\">\n\t\t\t\t\t\t\t\t\t<p style=\"font-family: Roboto, sans-serif; font-size: 20px; text-align: center;\">Vous venez en train ? Nous vous proposons alors une <strong>navette gratuite<\/strong> depuis <strong>la gare d&rsquo;Anvers-Berchem jusqu&rsquo;au lieu de l&rsquo;\u00e9v\u00e9nement<\/strong>. Vous pouvez monter \u00e0 bord <strong>\u00e0 la sortie c\u00f4t\u00e9 Posthoflei<\/strong> (c\u00f4t\u00e9 Starbucks ou voie 10), o\u00f9 se trouve un parking P+R o\u00f9 votre navette vous attendra.<\/p>\n\t\t\t\t\t\t\t\t<\/div>\n\t\t\t\t<\/div>\n\t\t\t\t<\/div>\n\t\t<div class=\"elementor-element elementor-element-bd12fc4 e-con-full e-flex e-con e-child\" data-id=\"bd12fc4\" data-element_type=\"container\">\n\t\t\t\t<div class=\"elementor-element elementor-element-6e7b635 elementor-widget elementor-widget-image\" data-id=\"6e7b635\" data-element_type=\"widget\" data-widget_type=\"image.default\">\n\t\t\t\t<div class=\"elementor-widget-container\">\n\t\t\t\t\t\t\t\t\t\t\t\t\t\t\t<img fetchpriority=\"high\" decoding=\"async\" width=\"499\" height=\"332\" src=\"https:\/\/easyfairsassets.com\/sites\/233\/2026\/02\/shuttle.jpg\" class=\"attachment-full size-full wp-image-124798\" alt=\"\" srcset=\"https:\/\/easyfairsassets.com\/sites\/233\/2026\/02\/shuttle.jpg 499w, https:\/\/easyfairsassets.com\/sites\/233\/2026\/02\/shuttle-300x200.jpg 300w\" sizes=\"(max-width: 499px) 100vw, 499px\" \/>\t\t\t\t\t\t\t\t\t\t\t\t\t\t\t<\/div>\n\t\t\t\t<\/div>\n\t\t\t\t<\/div>\n\t\t\t\t\t<\/div>\n\t\t\t\t<\/div>\n\t\t<div class=\"elementor-element elementor-element-812010c e-flex e-con-boxed e-con e-parent\" data-id=\"812010c\" data-element_type=\"container\">\n\t\t\t\t\t<div class=\"e-con-inner\">\n\t\t<div class=\"elementor-element elementor-element-68fe39b e-con-full e-flex e-con e-child\" data-id=\"68fe39b\" data-element_type=\"container\">\n\t\t\t\t<div class=\"elementor-element elementor-element-fa2c38b elementor-widget elementor-widget-toggle\" data-id=\"fa2c38b\" data-element_type=\"widget\" data-widget_type=\"toggle.default\">\n\t\t\t\t<div class=\"elementor-widget-container\">\n\t\t\t\t\t\t\t<div class=\"elementor-toggle\">\n\t\t\t\t\t\t\t<div class=\"elementor-toggle-item\">\n\t\t\t\t\t<div id=\"elementor-tab-title-2621\" class=\"elementor-tab-title\" data-tab=\"1\" role=\"button\" aria-controls=\"elementor-tab-content-2621\" aria-expanded=\"false\">\n\t\t\t\t\t\t\t\t\t\t\t\t<span class=\"elementor-toggle-icon elementor-toggle-icon-left\" aria-hidden=\"true\">\n\t\t\t\t\t\t\t\t\t\t\t\t\t\t\t<span class=\"elementor-toggle-icon-closed\"><i class=\"fas fa-caret-right\"><\/i><\/span>\n\t\t\t\t\t\t\t\t<span class=\"elementor-toggle-icon-opened\"><i class=\"elementor-toggle-icon-opened fas fa-caret-up\"><\/i><\/span>\n\t\t\t\t\t\t\t\t\t\t\t\t\t<\/span>\n\t\t\t\t\t\t\t\t\t\t\t\t<a class=\"elementor-toggle-title\" tabindex=\"0\">En voiture<\/a>\n\t\t\t\t\t<\/div>\n\n\t\t\t\t\t<div id=\"elementor-tab-content-2621\" class=\"elementor-tab-content elementor-clearfix\" data-tab=\"1\" role=\"region\" aria-labelledby=\"elementor-tab-title-2621\"><ul>\n<li><strong>Depuis Bruxelles via la E19<\/strong> : prenez la sortie 5a \u00ab Antwerpen-Centrum \u00bb, suivez la direction Singel-Zuid. Au deuxi\u00e8me feu, tournez \u00e0 gauche dans la Jan Van Rijswijcklaan. Suivez la fl\u00e8che Antwerp Expo.<\/li>\n<li><strong>Depuis Gand via l&rsquo;E17<\/strong> : prenez la sortie 5 \u00ab Wilrijk\/Berchem \u00bb sur le ring et suivez la fl\u00e8che Antwerp Expo.<\/li>\n<li><strong>Depuis Breda, Hasselt ou Turnhout :<\/strong> suivez le ring en direction de Bruxelles, prenez la sortie 5 \u00ab Wilrijk \u00bb et suivez la fl\u00e8che Antwerp Expo.<\/li>\n<\/ul>\n<\/div>\n\t\t\t\t<\/div>\n\t\t\t\t\t\t\t<div class=\"elementor-toggle-item\">\n\t\t\t\t\t<div id=\"elementor-tab-title-2622\" class=\"elementor-tab-title\" data-tab=\"2\" role=\"button\" aria-controls=\"elementor-tab-content-2622\" aria-expanded=\"false\">\n\t\t\t\t\t\t\t\t\t\t\t\t<span class=\"elementor-toggle-icon elementor-toggle-icon-left\" aria-hidden=\"true\">\n\t\t\t\t\t\t\t\t\t\t\t\t\t\t\t<span class=\"elementor-toggle-icon-closed\"><i class=\"fas fa-caret-right\"><\/i><\/span>\n\t\t\t\t\t\t\t\t<span class=\"elementor-toggle-icon-opened\"><i class=\"elementor-toggle-icon-opened fas fa-caret-up\"><\/i><\/span>\n\t\t\t\t\t\t\t\t\t\t\t\t\t<\/span>\n\t\t\t\t\t\t\t\t\t\t\t\t<a class=\"elementor-toggle-title\" tabindex=\"0\">En transports en commun<\/a>\n\t\t\t\t\t<\/div>\n\n\t\t\t\t\t<div id=\"elementor-tab-content-2622\" class=\"elementor-tab-content elementor-clearfix\" data-tab=\"2\" role=\"region\" aria-labelledby=\"elementor-tab-title-2622\"><ul>\n<li><strong>En train,<\/strong> descendez \u00e0 la gare d&rsquo;Anvers-Central. De l\u00e0, vous pouvez prendre le tram 2, le tram 6 ou le bus 17. Plus d&rsquo;informations sur www.belgianrail.be<\/li>\n<li><strong>Tram (De Lijn) :<\/strong> Tram 2 : Merksem \u2013 Hoboken (direction Hoboken) et tram 6 : Luchtbal \u2013 Olympiade (direction Olympiade). Les deux trams s&rsquo;arr\u00eatent \u00e0 proximit\u00e9 de l&rsquo;entr\u00e9e d&rsquo;Antwerp Expo. Plus d&rsquo;infos sur www.delijn.be<\/li>\n<li><strong>Bus (De Lijn) :<\/strong> Bus 17 : Rijnkaai \u2013 Gare centrale \u2013 UZA (direction UZA) et bus 22 : Groenplaats \u2013 Valaar \u2013 UZA (direction UZA). Plus d&rsquo;informations sur www.delijn.be<\/li>\n<\/ul>\n<\/div>\n\t\t\t\t<\/div>\n\t\t\t\t\t\t\t<div class=\"elementor-toggle-item\">\n\t\t\t\t\t<div id=\"elementor-tab-title-2623\" class=\"elementor-tab-title\" data-tab=\"3\" role=\"button\" aria-controls=\"elementor-tab-content-2623\" aria-expanded=\"false\">\n\t\t\t\t\t\t\t\t\t\t\t\t<span class=\"elementor-toggle-icon elementor-toggle-icon-left\" aria-hidden=\"true\">\n\t\t\t\t\t\t\t\t\t\t\t\t\t\t\t<span class=\"elementor-toggle-icon-closed\"><i class=\"fas fa-caret-right\"><\/i><\/span>\n\t\t\t\t\t\t\t\t<span class=\"elementor-toggle-icon-opened\"><i class=\"elementor-toggle-icon-opened fas fa-caret-up\"><\/i><\/span>\n\t\t\t\t\t\t\t\t\t\t\t\t\t<\/span>\n\t\t\t\t\t\t\t\t\t\t\t\t<a class=\"elementor-toggle-title\" tabindex=\"0\">Parking<\/a>\n\t\t\t\t\t<\/div>\n\n\t\t\t\t\t<div id=\"elementor-tab-content-2623\" class=\"elementor-tab-content elementor-clearfix\" data-tab=\"3\" role=\"region\" aria-labelledby=\"elementor-tab-title-2623\"><ul>\n<li>Vous pouvez vous garer dans <strong>le parking payant<\/strong> Vogelzang, \u00e0 c\u00f4t\u00e9 d&rsquo;Antwerp Expo.<\/li>\n<li>Vous pouvez vous<strong> garer gratuitement<\/strong> sur la voie publique, dans la Vogelzanglaan, et dans diff\u00e9rents parkings des environs.<\/li>\n<\/ul>\n<p><img decoding=\"async\" class=\"alignnone wp-image-124799\" src=\"https:\/\/easyfairsassets.com\/sites\/233\/2026\/02\/Untitled-design-4-300x154.png\" alt=\"\" width=\"491\" height=\"252\" srcset=\"https:\/\/easyfairsassets.com\/sites\/233\/2026\/02\/Untitled-design-4-300x154.png 300w, https:\/\/easyfairsassets.com\/sites\/233\/2026\/02\/Untitled-design-4-768x394.png 768w, https:\/\/easyfairsassets.com\/sites\/233\/2026\/02\/Untitled-design-4.png 1000w\" sizes=\"(max-width: 491px) 100vw, 491px\" \/><\/p>\n<\/div>\n\t\t\t\t<\/div>\n\t\t\t\t\t\t\t\t<\/div>\n\t\t\t\t\t\t<\/div>\n\t\t\t\t<\/div>\n\t\t\t\t<\/div>\n\t\t\t\t\t<\/div>\n\t\t\t\t<\/div>\n\t\t<div class=\"elementor-element elementor-element-21f828d e-con-full e-flex e-con e-parent\" data-id=\"21f828d\" data-element_type=\"container\">\n\t\t<div class=\"elementor-element elementor-element-25fdda6 e-con-full e-flex e-con e-child\" data-id=\"25fdda6\" data-element_type=\"container\">\n\t\t\t\t<div class=\"elementor-element elementor-element-91cb0f2 elementor-widget elementor-widget-google_maps\" data-id=\"91cb0f2\" data-element_type=\"widget\" data-widget_type=\"google_maps.default\">\n\t\t\t\t<div class=\"elementor-widget-container\">\n\t\t\t\t\t\t\t<div class=\"elementor-custom-embed\">\n\t\t\t<iframe loading=\"lazy\"\n\t\t\t\t\tsrc=\"https:\/\/maps.google.com\/maps?q=antwerp%20expo&#038;t=m&#038;z=11&#038;output=embed&#038;iwloc=near\"\n\t\t\t\t\ttitle=\"antwerp expo\"\n\t\t\t\t\taria-label=\"antwerp expo\"\n\t\t\t><\/iframe>\n\t\t<\/div>\n\t\t\t\t\t\t<\/div>\n\t\t\t\t<\/div>\n\t\t\t\t<\/div>\n\t\t\t\t<\/div>\n\t\t\t\t<\/div>\n\t\t","protected":false},"excerpt":{"rendered":"<p>Infos pratiques Antwerp Expo Jan Van Rijswijcklaan 191 2020 Anvers Accessibilit\u00e9 Heures d&rsquo;ouverture Mercredi 21 octobre : 10h &#8211; 18h (suivi d&rsquo;un afterwork) Jeudi 22 octobre : 10h &#8211; 17h Navettes Vous venez en train ? Nous vous proposons alors une navette gratuite depuis la gare d&rsquo;Anvers-Berchem jusqu&rsquo;au lieu de l&rsquo;\u00e9v\u00e9nement. Vous pouvez monter \u00e0 [&hellip;]<\/p>\n","protected":false},"author":39,"featured_media":0,"parent":0,"menu_order":0,"comment_status":"closed","ping_status":"closed","template":"","meta":{"_seopress_robots_primary_cat":"","_seopress_titles_title":"Infos pratiques | Solids Anvers 2026","_seopress_titles_desc":"Informations pratiques sur votre visite \u00e0 Solids Anvers 2026.","_seopress_robots_index":"","footnotes":""},"class_list":["post-12797","page","type-page","status-publish","hentry"],"_links":{"self":[{"href":"https:\/\/www.solids-antwerp.be\/fr\/wp-json\/wp\/v2\/pages\/12797","targetHints":{"allow":["GET"]}}],"collection":[{"href":"https:\/\/www.solids-antwerp.be\/fr\/wp-json\/wp\/v2\/pages"}],"about":[{"href":"https:\/\/www.solids-antwerp.be\/fr\/wp-json\/wp\/v2\/types\/page"}],"author":[{"embeddable":true,"href":"https:\/\/www.solids-antwerp.be\/fr\/wp-json\/wp\/v2\/users\/39"}],"replies":[{"embeddable":true,"href":"https:\/\/www.solids-antwerp.be\/fr\/wp-json\/wp\/v2\/comments?post=12797"}],"version-history":[{"count":5,"href":"https:\/\/www.solids-antwerp.be\/fr\/wp-json\/wp\/v2\/pages\/12797\/revisions"}],"predecessor-version":[{"id":124932,"href":"https:\/\/www.solids-antwerp.be\/fr\/wp-json\/wp\/v2\/pages\/12797\/revisions\/124932"}],"wp:attachment":[{"href":"https:\/\/www.solids-antwerp.be\/fr\/wp-json\/wp\/v2\/media?parent=12797"}],"curies":[{"name":"wp","href":"https:\/\/api.w.org\/{rel}","templated":true}]}}