{"id":13331,"date":"2024-07-04T11:51:15","date_gmt":"2024-07-04T09:51:15","guid":{"rendered":"https:\/\/www.solids-antwerp.be\/?page_id=13331"},"modified":"2025-10-27T10:40:08","modified_gmt":"2025-10-27T09:40:08","slug":"smart-badge","status":"publish","type":"page","link":"https:\/\/www.solids-antwerp.be\/fr\/smart-badge\/","title":{"rendered":"Smart Badge"},"content":{"rendered":"\t\t<div data-elementor-type=\"wp-page\" data-elementor-id=\"13331\" class=\"elementor elementor-13331 elementor-13329\" data-elementor-post-type=\"page\">\n\t\t\t\t<div class=\"elementor-element elementor-element-26d85f3 e-flex e-con-boxed e-con e-parent\" data-id=\"26d85f3\" data-element_type=\"container\" data-settings=\"{&quot;background_background&quot;:&quot;classic&quot;}\">\n\t\t\t\t\t<div class=\"e-con-inner\">\n\t\t<div class=\"elementor-element elementor-element-b30ab40 e-con-full e-flex e-con e-child\" data-id=\"b30ab40\" data-element_type=\"container\">\n\t\t\t\t<div class=\"elementor-element elementor-element-5a32479 elementor-widget elementor-widget-heading\" data-id=\"5a32479\" data-element_type=\"widget\" data-widget_type=\"heading.default\">\n\t\t\t\t<div class=\"elementor-widget-container\">\n\t\t\t\t\t<h1 class=\"elementor-heading-title elementor-size-default\">Smart Badge<\/h1>\t\t\t\t<\/div>\n\t\t\t\t<\/div>\n\t\t\t\t<\/div>\n\t\t<div class=\"elementor-element elementor-element-c7beae5 elementor-hidden-tablet elementor-hidden-mobile e-flex e-con-boxed e-con e-child\" data-id=\"c7beae5\" data-element_type=\"container\" data-settings=\"{&quot;background_background&quot;:&quot;classic&quot;}\">\n\t\t\t\t\t<div class=\"e-con-inner\">\n\t\t\t\t\t<\/div>\n\t\t\t\t<\/div>\n\t\t\t\t\t<\/div>\n\t\t\t\t<\/div>\n\t\t<div class=\"elementor-element elementor-element-207bf63 e-con-full e-flex e-con e-parent\" data-id=\"207bf63\" data-element_type=\"container\">\n\t\t<div class=\"elementor-element elementor-element-8622e43 e-con-full e-flex e-con e-child\" data-id=\"8622e43\" data-element_type=\"container\">\n\t\t\t\t<div class=\"elementor-element elementor-element-8465257 elementor-widget__width-inherit elementor-widget elementor-widget-image\" data-id=\"8465257\" data-element_type=\"widget\" data-widget_type=\"image.default\">\n\t\t\t\t<div class=\"elementor-widget-container\">\n\t\t\t\t\t\t\t\t\t\t\t\t\t\t\t<img fetchpriority=\"high\" decoding=\"async\" width=\"800\" height=\"534\" src=\"https:\/\/easyfairsassets.com\/sites\/233\/2024\/07\/2024-02-28-SETT-2024-Mechelen-08u38-opening-2-min-1024x683.jpg\" class=\"attachment-large size-large wp-image-95181\" alt=\"Smart badge\" srcset=\"https:\/\/easyfairsassets.com\/sites\/233\/2024\/07\/2024-02-28-SETT-2024-Mechelen-08u38-opening-2-min-1024x683.jpg 1024w, https:\/\/easyfairsassets.com\/sites\/233\/2024\/07\/2024-02-28-SETT-2024-Mechelen-08u38-opening-2-min-300x200.jpg 300w, https:\/\/easyfairsassets.com\/sites\/233\/2024\/07\/2024-02-28-SETT-2024-Mechelen-08u38-opening-2-min-768x512.jpg 768w, https:\/\/easyfairsassets.com\/sites\/233\/2024\/07\/2024-02-28-SETT-2024-Mechelen-08u38-opening-2-min-1536x1024.jpg 1536w, https:\/\/easyfairsassets.com\/sites\/233\/2024\/07\/2024-02-28-SETT-2024-Mechelen-08u38-opening-2-min.jpg 1920w\" sizes=\"(max-width: 800px) 100vw, 800px\" \/>\t\t\t\t\t\t\t\t\t\t\t\t\t\t\t<\/div>\n\t\t\t\t<\/div>\n\t\t\t\t<\/div>\n\t\t<div class=\"elementor-element elementor-element-bc99c47 e-con-full e-flex e-con e-child\" data-id=\"bc99c47\" data-element_type=\"container\">\n\t\t\t\t<div class=\"elementor-element elementor-element-dc3cfee elementor-widget elementor-widget-text-editor\" data-id=\"dc3cfee\" data-element_type=\"widget\" data-widget_type=\"text-editor.default\">\n\t\t\t\t<div class=\"elementor-widget-container\">\n\t\t\t\t\t\t\t\t\t<div class=\"elementor-element elementor-element-0696bdc elementor-widget elementor-widget-heading\" data-id=\"0696bdc\" data-element_type=\"widget\" data-widget_type=\"heading.default\">\n<div class=\"elementor-widget-container\">\n<div class=\"elementor-element elementor-element-0696bdc elementor-widget elementor-widget-heading\" data-id=\"0696bdc\" data-element_type=\"widget\" data-widget_type=\"heading.default\">\n<div class=\"elementor-widget-container\">\n<h2 class=\"elementor-heading-title elementor-size-default\">Comment utiliser votre badge visiteur?<\/h2>\n<\/div>\n<p><\/div>\n<p><\/p>\n<div class=\"elementor-element elementor-element-0f2d48e elementor-widget elementor-widget-text-editor\" data-id=\"0f2d48e\" data-element_type=\"widget\" data-widget_type=\"text-editor.default\">\n<div class=\"elementor-widget-container\">\n<ol>\n<li>\u00c0 chaque stand, vous verrez un ou plusieurs <strong>panneaux verts.<\/strong> Vous \u00eates int\u00e9ress\u00e9 par un exposant et ses produits ? <strong>Approchez votre badge visiteur du lecteur situ\u00e9 sur le panneau vert.<\/strong> Vous saurez que votre action a r\u00e9ussi lorsque vous entendrez un bip sonore et que le lecteur s&rsquo;allumera en vert.<\/li>\n<li>Le jour suivant votre visite, vous recevrez <strong>un e-mail avec un r\u00e9capitulatif de toutes les informations collect\u00e9es<\/strong> ainsi que des recommandations d&rsquo;exposants qui pourraient \u00e9galement vous int\u00e9resser.<\/li>\n<\/ol>\n<\/div>\n<p><\/div>\n<p><\/div>\n<p><\/div>\n\t\t\t\t\t\t\t\t<\/div>\n\t\t\t\t<\/div>\n\t\t\t\t<\/div>\n\t\t\t\t<\/div>\n\t\t<div class=\"elementor-element elementor-element-9a12462 e-flex e-con-boxed e-con e-parent\" data-id=\"9a12462\" data-element_type=\"container\">\n\t\t\t\t\t<div class=\"e-con-inner\">\n\t\t<div class=\"elementor-element elementor-element-cfdaf88 e-con-full e-flex e-con e-child\" data-id=\"cfdaf88\" data-element_type=\"container\" data-settings=\"{&quot;background_background&quot;:&quot;classic&quot;}\">\n\t\t\t\t<div class=\"elementor-element elementor-element-0a00131 elementor-widget elementor-widget-text-editor\" data-id=\"0a00131\" data-element_type=\"widget\" data-widget_type=\"text-editor.default\">\n\t\t\t\t<div class=\"elementor-widget-container\">\n\t\t\t\t\t\t\t\t\t<div class=\"elementor-element elementor-element-edd8b26 elementor-widget elementor-widget-heading\" data-id=\"edd8b26\" data-element_type=\"widget\" data-widget_type=\"heading.default\">\n<div class=\"elementor-widget-container\">\n<h3 class=\"elementor-heading-title elementor-size-default\"><b>Vos avantages<\/b><\/h3>\n<p>&nbsp;<\/p>\n<\/div>\n<p><\/div>\n<p><\/p>\n<div class=\"elementor-element elementor-element-2e2d83f elementor-widget elementor-widget-text-editor\" data-id=\"2e2d83f\" data-element_type=\"widget\" data-widget_type=\"text-editor.default\">\n<div class=\"elementor-widget-container\">\n<ol>\n<li>Votre badge visiteur est votre sac virtuel lors de votre visite au salon. Fini les catalogues lourds \u00e0 porter ou les prises de notes \u00e0 faire.<\/li>\n<li>Vous savez parfaitement quels stands vous avez visit\u00e9s. Vous recevrez ensuite un e-mail avec un r\u00e9capitulatif pratique de votre visite.<\/li>\n<li>Pas de spam. Vous ne recevrez que les informations num\u00e9riques des exposants pour lesquels vous avez montr\u00e9 un int\u00e9r\u00eat.<\/li>\n<\/ol>\n<\/div>\n<p><\/div>\n\t\t\t\t\t\t\t\t<\/div>\n\t\t\t\t<\/div>\n\t\t\t\t<\/div>\n\t\t<div class=\"elementor-element elementor-element-5b8a181 e-con-full e-flex e-con e-child\" data-id=\"5b8a181\" data-element_type=\"container\">\n\t\t\t\t<div class=\"elementor-element elementor-element-c22f8be elementor-widget elementor-widget-video\" data-id=\"c22f8be\" data-element_type=\"widget\" data-settings=\"{&quot;youtube_url&quot;:&quot;https:\\\/\\\/www.youtube.com\\\/watch?v=Wvxmq7ITRC0&quot;,&quot;video_type&quot;:&quot;youtube&quot;,&quot;controls&quot;:&quot;yes&quot;}\" data-widget_type=\"video.default\">\n\t\t\t\t<div class=\"elementor-widget-container\">\n\t\t\t\t\t\t\t<div class=\"elementor-wrapper elementor-open-inline\">\n\t\t\t<div class=\"elementor-video\"><\/div>\t\t<\/div>\n\t\t\t\t\t\t<\/div>\n\t\t\t\t<\/div>\n\t\t\t\t<\/div>\n\t\t\t\t\t<\/div>\n\t\t\t\t<\/div>\n\t\t\t\t<\/div>\n\t\t","protected":false},"excerpt":{"rendered":"<p>Smart Badge Comment utiliser votre badge visiteur? \u00c0 chaque stand, vous verrez un ou plusieurs panneaux verts. Vous \u00eates int\u00e9ress\u00e9 par un exposant et ses produits ? Approchez votre badge visiteur du lecteur situ\u00e9 sur le panneau vert. Vous saurez que votre action a r\u00e9ussi lorsque vous entendrez un bip sonore et que le lecteur [&hellip;]<\/p>\n","protected":false},"author":973,"featured_media":0,"parent":0,"menu_order":0,"comment_status":"closed","ping_status":"closed","template":"elementor_header_footer","meta":{"_seopress_robots_primary_cat":"","_seopress_titles_title":"Smart Badge | Solids 2026","_seopress_titles_desc":"Utilisez votre Smart Badge pour scanner le lecteur sur le stand de l'exposant et obtenez des informations sur les produits et les innovations qu'il pr\u00e9sente. ","_seopress_robots_index":"","footnotes":""},"class_list":["post-13331","page","type-page","status-publish","hentry"],"_links":{"self":[{"href":"https:\/\/www.solids-antwerp.be\/fr\/wp-json\/wp\/v2\/pages\/13331","targetHints":{"allow":["GET"]}}],"collection":[{"href":"https:\/\/www.solids-antwerp.be\/fr\/wp-json\/wp\/v2\/pages"}],"about":[{"href":"https:\/\/www.solids-antwerp.be\/fr\/wp-json\/wp\/v2\/types\/page"}],"author":[{"embeddable":true,"href":"https:\/\/www.solids-antwerp.be\/fr\/wp-json\/wp\/v2\/users\/973"}],"replies":[{"embeddable":true,"href":"https:\/\/www.solids-antwerp.be\/fr\/wp-json\/wp\/v2\/comments?post=13331"}],"version-history":[{"count":5,"href":"https:\/\/www.solids-antwerp.be\/fr\/wp-json\/wp\/v2\/pages\/13331\/revisions"}],"predecessor-version":[{"id":123899,"href":"https:\/\/www.solids-antwerp.be\/fr\/wp-json\/wp\/v2\/pages\/13331\/revisions\/123899"}],"wp:attachment":[{"href":"https:\/\/www.solids-antwerp.be\/fr\/wp-json\/wp\/v2\/media?parent=13331"}],"curies":[{"name":"wp","href":"https:\/\/api.w.org\/{rel}","templated":true}]}}