{"id":13999,"date":"2022-05-11T14:31:04","date_gmt":"2022-05-11T12:31:04","guid":{"rendered":"https:\/\/www.solids-antwerp.be\/start-up-zone\/"},"modified":"2026-02-17T11:24:13","modified_gmt":"2026-02-17T10:24:13","slug":"start-up-zone","status":"publish","type":"page","link":"https:\/\/www.solids-antwerp.be\/fr\/start-up-zone\/","title":{"rendered":"Start-up Zone"},"content":{"rendered":"\t\t<div data-elementor-type=\"wp-page\" data-elementor-id=\"13999\" class=\"elementor elementor-13999 elementor-13964\" data-elementor-post-type=\"page\">\n\t\t\t\t\t\t<section class=\"elementor-section elementor-top-section elementor-element elementor-element-b14f38e elementor-section-boxed elementor-section-height-default elementor-section-height-default\" data-id=\"b14f38e\" data-element_type=\"section\">\n\t\t\t\t\t\t<div class=\"elementor-container elementor-column-gap-default\">\n\t\t\t\t\t<div class=\"elementor-column elementor-col-100 elementor-top-column elementor-element elementor-element-684c63c\" data-id=\"684c63c\" data-element_type=\"column\">\n\t\t\t<div class=\"elementor-widget-wrap elementor-element-populated\">\n\t\t\t\t\t\t<div class=\"elementor-element elementor-element-7bd4687 elementor-invisible elementor-widget elementor-widget-text-editor\" data-id=\"7bd4687\" data-element_type=\"widget\" data-settings=\"{&quot;_animation&quot;:&quot;zoomIn&quot;}\" data-widget_type=\"text-editor.default\">\n\t\t\t\t<div class=\"elementor-widget-container\">\n\t\t\t\t\t\t\t\t\t<h1 style=\"font-size: 2.66667rem; font-style: normal;\">ZONE DE START-UP ET DE RECYCLAGE<\/h1>\n\t\t\t\t\t\t\t\t<\/div>\n\t\t\t\t<\/div>\n\t\t\t\t<div class=\"elementor-element elementor-element-cb6e8c8 elementor-widget elementor-widget-text-editor\" data-id=\"cb6e8c8\" data-element_type=\"widget\" data-widget_type=\"text-editor.default\">\n\t\t\t\t<div class=\"elementor-widget-container\">\n\t\t\t\t\t\t\t\t\t<h2>ZONE START-UP<\/h2>\n<p><span style=\"color: #34774b; font-family: Helvetica, Verdana, Arial, sans-serif; font-size: 25px; font-style: normal; font-weight: bold;\">Vous vous concentrez sur l&rsquo;industrie du recyclage?<\/span><\/p>\n<p style=\"font-size: 15px; font-style: normal; font-weight: 400;\"><span style=\"font-size: 1rem; font-style: normal; font-weight: bold; color: #646363; font-family: Helvetica, Verdana, Arial, sans-serif;\">Alors r\u00e9servez bient\u00f4t une place dans notre zone de recyclage o\u00f9 nous nous concentrons sur ce secteur en forte croissance!<\/span><\/p>\n<p><\/p>\n<p style=\"font-size: 15px; font-style: normal; font-weight: 400;\"><span style=\"font-size: 1rem; font-style: normal; font-weight: bold; color: #646363; font-family: Helvetica, Verdana, Arial, sans-serif;\">Vous venez de commencer ? Et proposez-vous des innovations int\u00e9ressantes pour l&rsquo;industrie des poudres et des produits en vrac ? Alors, r\u00e9servez une place dans notre Start-Up Zone!<\/span><\/p>\n\t\t\t\t\t\t\t\t<\/div>\n\t\t\t\t<\/div>\n\t\t\t\t<div class=\"elementor-element elementor-element-802dfee elementor-widget elementor-widget-text-editor\" data-id=\"802dfee\" data-element_type=\"widget\" data-widget_type=\"text-editor.default\">\n\t\t\t\t<div class=\"elementor-widget-container\">\n\t\t\t\t\t\t\t\t\t<h5 style=\"font-style: normal;\">Paquet<\/h5>\n\t\t\t\t\t\t\t\t<\/div>\n\t\t\t\t<\/div>\n\t\t\t\t<div class=\"elementor-element elementor-element-66233ab elementor-widget elementor-widget-text-editor\" data-id=\"66233ab\" data-element_type=\"widget\" data-widget_type=\"text-editor.default\">\n\t\t\t\t<div class=\"elementor-widget-container\">\n\t\t\t\t\t\t\t\t\t<ul style=\"font-size: 15px; font-style: normal; font-weight: 400;\">\n<li>Stand de +\/-6 m\u00b2<\/li>\n<li>Impression sur le mur arri\u00e8re<\/li>\n<li>2 chaises + 1 comptoir + 1 carte de parking + 1 prise \u00e9lectrique et \u00e9clairage<\/li>\n<li>EasyGo Leads pour scanner les visiteurs + recevoir rapidement les donn\u00e9es des prospects<\/li>\n<li>Acc\u00e8s \u00e0 My Easyfairs + kit promotionnel<\/li>\n<\/ul>\n\t\t\t\t\t\t\t\t<\/div>\n\t\t\t\t<\/div>\n\t\t\t\t<div class=\"elementor-element elementor-element-fd31e10 elementor-hidden-desktop elementor-hidden-tablet elementor-hidden-mobile elementor-widget elementor-widget-text-editor\" data-id=\"fd31e10\" data-element_type=\"widget\" data-widget_type=\"text-editor.default\">\n\t\t\t\t<div class=\"elementor-widget-container\">\n\t\t\t\t\t\t\t\t\t<h3><strong>Prix tout compris : \u20ac 1.400<\/strong><\/h3>\n<p>&nbsp;<\/p>\n\t\t\t\t\t\t\t\t<\/div>\n\t\t\t\t<\/div>\n\t\t\t\t<div class=\"elementor-element elementor-element-3e6378e elementor-hidden-desktop elementor-hidden-tablet elementor-hidden-mobile elementor-widget elementor-widget-text-editor\" data-id=\"3e6378e\" data-element_type=\"widget\" data-widget_type=\"text-editor.default\">\n\t\t\t\t<div class=\"elementor-widget-container\">\n\t\t\t\t\t\t\t\t\t<h3><strong>Seulement 8 places disponibles ! Premier arriv\u00e9, premier servi.<\/strong><\/h3>\n\t\t\t\t\t\t\t\t<\/div>\n\t\t\t\t<\/div>\n\t\t\t\t<div class=\"elementor-element elementor-element-9825fa6 elementor-align-center elementor-widget elementor-widget-button\" data-id=\"9825fa6\" data-element_type=\"widget\" data-widget_type=\"button.default\">\n\t\t\t\t<div class=\"elementor-widget-container\">\n\t\t\t\t\t\t\t\t\t<div class=\"elementor-button-wrapper\">\n\t\t\t\t\t<a class=\"elementor-button elementor-button-link elementor-size-sm\" href=\"https:\/\/www.solids-antwerp.be\/fr\/contact\/\">\n\t\t\t\t\t\t<span class=\"elementor-button-content-wrapper\">\n\t\t\t\t\t\t\t\t\t<span class=\"elementor-button-text\">Contactez-nous<\/span>\n\t\t\t\t\t<\/span>\n\t\t\t\t\t<\/a>\n\t\t\t\t<\/div>\n\t\t\t\t\t\t\t\t<\/div>\n\t\t\t\t<\/div>\n\t\t\t\t\t<\/div>\n\t\t<\/div>\n\t\t\t\t\t<\/div>\n\t\t<\/section>\n\t\t\t\t<section class=\"elementor-section elementor-top-section elementor-element elementor-element-a8fcc34 elementor-section-boxed elementor-section-height-default elementor-section-height-default\" data-id=\"a8fcc34\" data-element_type=\"section\">\n\t\t\t\t\t\t<div class=\"elementor-container elementor-column-gap-default\">\n\t\t\t\t\t<div class=\"elementor-column elementor-col-100 elementor-top-column elementor-element elementor-element-e20cfe7\" data-id=\"e20cfe7\" data-element_type=\"column\">\n\t\t\t<div class=\"elementor-widget-wrap elementor-element-populated\">\n\t\t\t\t\t\t<div class=\"elementor-element elementor-element-afb63fb elementor-widget elementor-widget-text-editor\" data-id=\"afb63fb\" data-element_type=\"widget\" data-widget_type=\"text-editor.default\">\n\t\t\t\t<div class=\"elementor-widget-container\">\n\t\t\t\t\t\t\t\t\t<h1>ZONE DE RECYCLAGE<\/h1>\n<p><\/p>\n<h3 style=\"font-size: 1.66667rem; font-style: normal;\"><span style=\"font-size: 25px; font-weight: bold;\">Vous concentrez-vous sur l&rsquo;industrie du recyclage ?<\/span><\/h3>\n<p><\/p>\n<div style=\"font-size: 16px; font-style: normal; font-weight: 400;\"><span style=\"font-size: 15px; font-style: normal; font-weight: bold; color: #646363; font-family: Helvetica, Verdana, Arial, sans-serif;\">Alors r\u00e9servez rapidement une place dans notre zone de recyclage, o\u00f9 nous nous concentrons sur ce secteur en pleine expansion !<\/span><span style=\"font-size: 25px; font-weight: bold;\"><br \/>\n<\/span><\/div>\n<p><\/p>\n<div style=\"font-size: 16px; font-style: normal; font-weight: 400;\"><span style=\"font-size: 15px; font-style: normal; font-weight: bold; color: #646363; font-family: Helvetica, Verdana, Arial, sans-serif;\">\u00a0<\/span><\/div>\n<p><\/p>\n<div style=\"font-size: 16px; font-style: normal; font-weight: 400;\">\n<strong>Qu&rsquo;est-ce que cela implique ?<\/strong><\/div>\n<p><\/p>\n<ul style=\"font-size: 15px; font-style: normal; font-weight: 400;\">\n<li style=\"font-size: 15px;\">Stand de 9 m\u00b2<\/li>\n<li style=\"font-size: 15px;\">Impression \u00e0 l&rsquo;arri\u00e8re de votre stand<\/li>\n<li style=\"font-size: 15px;\">2 chaises + 1 comptoir + 1 carte de parking + 1 prise \u00e9lectrique et \u00e9clairage<\/li>\n<li style=\"font-size: 15px;\">EasyGo Leads pour scanner les visiteurs + recevoir rapidement les donn\u00e9es des prospects<\/li>\n<li style=\"font-size: 15px;\">Acc\u00e8s \u00e0 My Easyfairs + pack promotionnel<\/li>\n<\/ul>\n<p><\/p>\n<div style=\"font-size: 15px; font-style: normal; font-weight: 400;\"><\/div>\n\t\t\t\t\t\t\t\t<\/div>\n\t\t\t\t<\/div>\n\t\t\t\t<section class=\"elementor-section elementor-inner-section elementor-element elementor-element-c2e71ee elementor-section-boxed elementor-section-height-default elementor-section-height-default\" data-id=\"c2e71ee\" data-element_type=\"section\">\n\t\t\t\t\t\t<div class=\"elementor-container elementor-column-gap-default\">\n\t\t\t\t\t<div class=\"elementor-column elementor-col-50 elementor-inner-column elementor-element elementor-element-3a8abcd\" data-id=\"3a8abcd\" data-element_type=\"column\">\n\t\t\t<div class=\"elementor-widget-wrap elementor-element-populated\">\n\t\t\t\t\t\t<div class=\"elementor-element elementor-element-8873ee7 elementor-widget elementor-widget-image\" data-id=\"8873ee7\" data-element_type=\"widget\" data-widget_type=\"image.default\">\n\t\t\t\t<div class=\"elementor-widget-container\">\n\t\t\t\t\t\t\t\t\t\t\t\t\t\t\t<img fetchpriority=\"high\" decoding=\"async\" width=\"800\" height=\"554\" src=\"https:\/\/easyfairsassets.com\/sites\/233\/2022\/05\/Start-up-zone_1-1024x709.jpg\" class=\"attachment-large size-large wp-image-13977\" alt=\"\" srcset=\"https:\/\/easyfairsassets.com\/sites\/233\/2022\/05\/Start-up-zone_1-1024x709.jpg 1024w, https:\/\/easyfairsassets.com\/sites\/233\/2022\/05\/Start-up-zone_1-300x208.jpg 300w, https:\/\/easyfairsassets.com\/sites\/233\/2022\/05\/Start-up-zone_1-768x532.jpg 768w, https:\/\/easyfairsassets.com\/sites\/233\/2022\/05\/Start-up-zone_1-1536x1063.jpg 1536w, https:\/\/easyfairsassets.com\/sites\/233\/2022\/05\/Start-up-zone_1.jpg 1920w\" sizes=\"(max-width: 800px) 100vw, 800px\" \/>\t\t\t\t\t\t\t\t\t\t\t\t\t\t\t<\/div>\n\t\t\t\t<\/div>\n\t\t\t\t\t<\/div>\n\t\t<\/div>\n\t\t\t\t<div class=\"elementor-column elementor-col-50 elementor-inner-column elementor-element elementor-element-020b6df\" data-id=\"020b6df\" data-element_type=\"column\">\n\t\t\t<div class=\"elementor-widget-wrap elementor-element-populated\">\n\t\t\t\t\t\t<div class=\"elementor-element elementor-element-3bb39bc elementor-widget elementor-widget-image\" data-id=\"3bb39bc\" data-element_type=\"widget\" data-widget_type=\"image.default\">\n\t\t\t\t<div class=\"elementor-widget-container\">\n\t\t\t\t\t\t\t\t\t\t\t\t\t\t\t<img decoding=\"async\" width=\"800\" height=\"554\" src=\"https:\/\/easyfairsassets.com\/sites\/233\/2022\/05\/Start-up-zone_2-1024x709.jpg\" class=\"attachment-large size-large wp-image-13980\" alt=\"\" srcset=\"https:\/\/easyfairsassets.com\/sites\/233\/2022\/05\/Start-up-zone_2-1024x709.jpg 1024w, https:\/\/easyfairsassets.com\/sites\/233\/2022\/05\/Start-up-zone_2-300x208.jpg 300w, https:\/\/easyfairsassets.com\/sites\/233\/2022\/05\/Start-up-zone_2-768x532.jpg 768w, https:\/\/easyfairsassets.com\/sites\/233\/2022\/05\/Start-up-zone_2-1536x1063.jpg 1536w, https:\/\/easyfairsassets.com\/sites\/233\/2022\/05\/Start-up-zone_2.jpg 1920w\" sizes=\"(max-width: 800px) 100vw, 800px\" \/>\t\t\t\t\t\t\t\t\t\t\t\t\t\t\t<\/div>\n\t\t\t\t<\/div>\n\t\t\t\t\t<\/div>\n\t\t<\/div>\n\t\t\t\t\t<\/div>\n\t\t<\/section>\n\t\t\t\t<div class=\"elementor-element elementor-element-781913c elementor-hidden-desktop elementor-hidden-tablet elementor-hidden-mobile elementor-widget elementor-widget-text-editor\" data-id=\"781913c\" data-element_type=\"widget\" data-widget_type=\"text-editor.default\">\n\t\t\t\t<div class=\"elementor-widget-container\">\n\t\t\t\t\t\t\t\t\t<h2><strong>PRIX ALL-IN : <b>\u20ac 3<\/b>.2000\u00a0<\/strong><\/h2>\n\t\t\t\t\t\t\t\t<\/div>\n\t\t\t\t<\/div>\n\t\t\t\t<div class=\"elementor-element elementor-element-27daa88 elementor-hidden-desktop elementor-hidden-tablet elementor-hidden-mobile elementor-widget elementor-widget-text-editor\" data-id=\"27daa88\" data-element_type=\"widget\" data-widget_type=\"text-editor.default\">\n\t\t\t\t<div class=\"elementor-widget-container\">\n\t\t\t\t\t\t\t\t\t<h3>Seulement 8 places disponibles ! Premier arriv\u00e9, premier servi<\/h3>\n\t\t\t\t\t\t\t\t<\/div>\n\t\t\t\t<\/div>\n\t\t\t\t<div class=\"elementor-element elementor-element-82f6b5b elementor-align-center elementor-widget elementor-widget-button\" data-id=\"82f6b5b\" data-element_type=\"widget\" data-widget_type=\"button.default\">\n\t\t\t\t<div class=\"elementor-widget-container\">\n\t\t\t\t\t\t\t\t\t<div class=\"elementor-button-wrapper\">\n\t\t\t\t\t<a class=\"elementor-button elementor-button-link elementor-size-sm\" href=\"https:\/\/www.solids-antwerp.be\/fr\/contact\/\">\n\t\t\t\t\t\t<span class=\"elementor-button-content-wrapper\">\n\t\t\t\t\t\t\t\t\t<span class=\"elementor-button-text\">Contactez-nous<\/span>\n\t\t\t\t\t<\/span>\n\t\t\t\t\t<\/a>\n\t\t\t\t<\/div>\n\t\t\t\t\t\t\t\t<\/div>\n\t\t\t\t<\/div>\n\t\t\t\t\t<\/div>\n\t\t<\/div>\n\t\t\t\t\t<\/div>\n\t\t<\/section>\n\t\t\t\t<\/div>\n\t\t","protected":false},"excerpt":{"rendered":"<p>ZONE DE START-UP ET DE RECYCLAGE ZONE START-UP Vous vous concentrez sur l&rsquo;industrie du recyclage? Alors r\u00e9servez bient\u00f4t une place dans notre zone de recyclage o\u00f9 nous nous concentrons sur ce secteur en forte croissance! Vous venez de commencer ? Et proposez-vous des innovations int\u00e9ressantes pour l&rsquo;industrie des poudres et des produits en vrac ? [&hellip;]<\/p>\n","protected":false},"author":39,"featured_media":0,"parent":0,"menu_order":0,"comment_status":"closed","ping_status":"closed","template":"","meta":{"_seopress_robots_primary_cat":"","_seopress_titles_title":"Start-up Zone | Solids Antwerp 2026","_seopress_titles_desc":"D\u00e9couvrez notre Start-up Zone. Vous venez de commencer? Proposez-vous des innovations int\u00e9ressantes pour l'industrie des poudres et des produits en vrac? Alors, r\u00e9servez une place dans notre Start-Up Zone!","_seopress_robots_index":"","footnotes":""},"class_list":["post-13999","page","type-page","status-publish","hentry"],"_links":{"self":[{"href":"https:\/\/www.solids-antwerp.be\/fr\/wp-json\/wp\/v2\/pages\/13999","targetHints":{"allow":["GET"]}}],"collection":[{"href":"https:\/\/www.solids-antwerp.be\/fr\/wp-json\/wp\/v2\/pages"}],"about":[{"href":"https:\/\/www.solids-antwerp.be\/fr\/wp-json\/wp\/v2\/types\/page"}],"author":[{"embeddable":true,"href":"https:\/\/www.solids-antwerp.be\/fr\/wp-json\/wp\/v2\/users\/39"}],"replies":[{"embeddable":true,"href":"https:\/\/www.solids-antwerp.be\/fr\/wp-json\/wp\/v2\/comments?post=13999"}],"version-history":[{"count":5,"href":"https:\/\/www.solids-antwerp.be\/fr\/wp-json\/wp\/v2\/pages\/13999\/revisions"}],"predecessor-version":[{"id":124896,"href":"https:\/\/www.solids-antwerp.be\/fr\/wp-json\/wp\/v2\/pages\/13999\/revisions\/124896"}],"wp:attachment":[{"href":"https:\/\/www.solids-antwerp.be\/fr\/wp-json\/wp\/v2\/media?parent=13999"}],"curies":[{"name":"wp","href":"https:\/\/api.w.org\/{rel}","templated":true}]}}