{"id":14001,"date":"2022-05-11T15:02:08","date_gmt":"2022-05-11T13:02:08","guid":{"rendered":"https:\/\/www.solids-antwerp.be\/recycling-zone\/"},"modified":"2026-02-16T15:50:49","modified_gmt":"2026-02-16T14:50:49","slug":"recycling-zone","status":"publish","type":"page","link":"https:\/\/www.solids-antwerp.be\/fr\/recycling-zone\/","title":{"rendered":"Recycling Zone"},"content":{"rendered":"\t\t<div data-elementor-type=\"wp-page\" data-elementor-id=\"14001\" class=\"elementor elementor-14001 elementor-13900\" data-elementor-post-type=\"page\">\n\t\t\t\t\t\t<section class=\"elementor-section elementor-top-section elementor-element elementor-element-b14f38e elementor-section-boxed elementor-section-height-default elementor-section-height-default\" data-id=\"b14f38e\" data-element_type=\"section\">\n\t\t\t\t\t\t<div class=\"elementor-container elementor-column-gap-default\">\n\t\t\t\t\t<div class=\"elementor-column elementor-col-100 elementor-top-column elementor-element elementor-element-684c63c\" data-id=\"684c63c\" data-element_type=\"column\">\n\t\t\t<div class=\"elementor-widget-wrap elementor-element-populated\">\n\t\t\t\t\t\t<div class=\"elementor-element elementor-element-7bd4687 elementor-invisible elementor-widget elementor-widget-text-editor\" data-id=\"7bd4687\" data-element_type=\"widget\" data-settings=\"{&quot;_animation&quot;:&quot;zoomIn&quot;}\" data-widget_type=\"text-editor.default\">\n\t\t\t\t<div class=\"elementor-widget-container\">\n\t\t\t\t\t\t\t\t\t<h1 style=\"font-size: 2.66667rem;font-style: normal\">RECYCLING ZONE<\/h1>\n\t\t\t\t\t\t\t\t<\/div>\n\t\t\t\t<\/div>\n\t\t\t\t<div class=\"elementor-element elementor-element-84fa500 elementor-widget elementor-widget-text-editor\" data-id=\"84fa500\" data-element_type=\"widget\" data-widget_type=\"text-editor.default\">\n\t\t\t\t<div class=\"elementor-widget-container\">\n\t\t\t\t\t\t\t\t\t<h3 style=\"font-size: 1.66667rem; font-style: normal;\"><span style=\"font-size: 25px; font-weight: bold;\">Vous concentrez sur l&rsquo;industrie du recyclage?<\/span><\/h3>\n<p>&nbsp;<\/p>\n<div><span style=\"color: #646363; font-family: Helvetica, Verdana, Arial, sans-serif; font-size: 15px; font-style: normal; font-weight: bold;\">Alors r\u00e9servez bient\u00f4t une place dans notre zone de recyclage o\u00f9 nous nous concentrons sur ce secteur en forte croissance!<\/span><span style=\"font-size: 25px; font-weight: bold;\"><br \/>\n<\/span><\/div>\n<p><\/p>\n<div><span style=\"color: #646363; font-family: Helvetica, Verdana, Arial, sans-serif; font-size: 15px; font-style: normal; font-weight: bold;\">\u00a0<\/span><\/div>\n<p><\/p>\n<div><span style=\"color: #646363; font-family: Helvetica, Verdana, Arial, sans-serif; font-size: 1.2rem; font-style: normal; font-weight: bold;\">Paquet<\/span><\/div>\n<p><\/p>\n<div><\/div>\n<p><\/p>\n<ul style=\"font-size: 15px; font-style: normal; font-weight: 400;\">\n<li>Stand de 9 m\u00b2 + bar et espace de r\u00e9ception partag\u00e9s<\/li>\n<li>Imprimez le dos de votre stand<\/li>\n<li>2 chaises + 1 bureau + 1 carte de stationnement + 1 prise de courant et \u00e9clairage<\/li>\n<li>EasyGo Leads pour scanner les visiteurs et recevoir rapidement les donn\u00e9es des prospects.<\/li>\n<li>Acc\u00e8s \u00e0 My Easyfairs + paquet promotionnel<\/li>\n<li>Bar partag\u00e9 pour le caf\u00e9 et les boissons pour le personnel de votre stand et vos visiteurs.<\/li>\n<li>Trafic suppl\u00e9mentaire : chaque visiteur peut obtenir un caf\u00e9 gratuit dans ce bar \u00e0 caf\u00e9.<\/li>\n<li>Fourniture de mini-sandwichs pour 2 membres du personnel du stand<\/li>\n<li>Rafra\u00eechissements pour offrir \u00e0 vos visiteurs<\/li>\n<\/ul>\n\t\t\t\t\t\t\t\t<\/div>\n\t\t\t\t<\/div>\n\t\t\t\t<div class=\"elementor-element elementor-element-9ec35f0 elementor-widget elementor-widget-text-editor\" data-id=\"9ec35f0\" data-element_type=\"widget\" data-widget_type=\"text-editor.default\">\n\t\t\t\t<div class=\"elementor-widget-container\">\n\t\t\t\t\t\t\t\t\t<h3><strong>Prix tout compris<\/strong><\/h3>\n<p>Formule de stand: <strong>\u20ac 2.096<br \/>\n<\/strong>EasyGo Leads: <strong>\u20ac 799<br \/>\n<\/strong>Assurance tous risques et assurance responsabilit\u00e9 civile: <strong>\u20ac 100<\/strong><\/p>\n<p><strong>TOTAL: \u20ac 2.995 (hord TVA de 21%)<\/strong><\/p>\n\t\t\t\t\t\t\t\t<\/div>\n\t\t\t\t<\/div>\n\t\t\t\t<div class=\"elementor-element elementor-element-3e6378e elementor-widget elementor-widget-text-editor\" data-id=\"3e6378e\" data-element_type=\"widget\" data-widget_type=\"text-editor.default\">\n\t\t\t\t<div class=\"elementor-widget-container\">\n\t\t\t\t\t\t\t\t\t<h3><strong>Seulement 8 places disponibles ! Premier arriv\u00e9, premier servi.<\/strong><\/h3>\n\t\t\t\t\t\t\t\t<\/div>\n\t\t\t\t<\/div>\n\t\t\t\t<div class=\"elementor-element elementor-element-9825fa6 elementor-align-center elementor-widget elementor-widget-button\" data-id=\"9825fa6\" data-element_type=\"widget\" data-widget_type=\"button.default\">\n\t\t\t\t<div class=\"elementor-widget-container\">\n\t\t\t\t\t\t\t\t\t<div class=\"elementor-button-wrapper\">\n\t\t\t\t\t<a class=\"elementor-button elementor-button-link elementor-size-sm\" href=\"https:\/\/www.solids-antwerp.be\/fr\/contact\/\">\n\t\t\t\t\t\t<span class=\"elementor-button-content-wrapper\">\n\t\t\t\t\t\t\t\t\t<span class=\"elementor-button-text\">Contactez-nous<\/span>\n\t\t\t\t\t<\/span>\n\t\t\t\t\t<\/a>\n\t\t\t\t<\/div>\n\t\t\t\t\t\t\t\t<\/div>\n\t\t\t\t<\/div>\n\t\t\t\t<section class=\"elementor-section elementor-inner-section elementor-element elementor-element-839c428 elementor-section-boxed elementor-section-height-default elementor-section-height-default\" data-id=\"839c428\" data-element_type=\"section\">\n\t\t\t\t\t\t<div class=\"elementor-container elementor-column-gap-default\">\n\t\t\t\t\t<div class=\"elementor-column elementor-col-50 elementor-inner-column elementor-element elementor-element-0410ec6\" data-id=\"0410ec6\" data-element_type=\"column\">\n\t\t\t<div class=\"elementor-widget-wrap elementor-element-populated\">\n\t\t\t\t\t\t<div class=\"elementor-element elementor-element-e4c65af elementor-widget elementor-widget-image\" data-id=\"e4c65af\" data-element_type=\"widget\" data-widget_type=\"image.default\">\n\t\t\t\t<div class=\"elementor-widget-container\">\n\t\t\t\t\t\t\t\t\t\t\t\t\t\t\t<img fetchpriority=\"high\" decoding=\"async\" width=\"800\" height=\"454\" src=\"https:\/\/easyfairsassets.com\/sites\/233\/2022\/05\/Recycling-Zone_2-1024x581.jpg\" class=\"attachment-large size-large wp-image-13989\" alt=\"\" srcset=\"https:\/\/easyfairsassets.com\/sites\/233\/2022\/05\/Recycling-Zone_2-1024x581.jpg 1024w, https:\/\/easyfairsassets.com\/sites\/233\/2022\/05\/Recycling-Zone_2-300x170.jpg 300w, https:\/\/easyfairsassets.com\/sites\/233\/2022\/05\/Recycling-Zone_2-768x435.jpg 768w, https:\/\/easyfairsassets.com\/sites\/233\/2022\/05\/Recycling-Zone_2.jpg 1194w\" sizes=\"(max-width: 800px) 100vw, 800px\" \/>\t\t\t\t\t\t\t\t\t\t\t\t\t\t\t<\/div>\n\t\t\t\t<\/div>\n\t\t\t\t\t<\/div>\n\t\t<\/div>\n\t\t\t\t<div class=\"elementor-column elementor-col-50 elementor-inner-column elementor-element elementor-element-9960e23\" data-id=\"9960e23\" data-element_type=\"column\">\n\t\t\t<div class=\"elementor-widget-wrap elementor-element-populated\">\n\t\t\t\t\t\t<div class=\"elementor-element elementor-element-4e069ec elementor-widget elementor-widget-image\" data-id=\"4e069ec\" data-element_type=\"widget\" data-widget_type=\"image.default\">\n\t\t\t\t<div class=\"elementor-widget-container\">\n\t\t\t\t\t\t\t\t\t\t\t\t\t\t\t<img decoding=\"async\" width=\"800\" height=\"454\" src=\"https:\/\/easyfairsassets.com\/sites\/233\/2022\/05\/Recycling-Zone_1-1024x581.jpg\" class=\"attachment-large size-large wp-image-13986\" alt=\"\" srcset=\"https:\/\/easyfairsassets.com\/sites\/233\/2022\/05\/Recycling-Zone_1-1024x581.jpg 1024w, https:\/\/easyfairsassets.com\/sites\/233\/2022\/05\/Recycling-Zone_1-300x170.jpg 300w, https:\/\/easyfairsassets.com\/sites\/233\/2022\/05\/Recycling-Zone_1-768x435.jpg 768w, https:\/\/easyfairsassets.com\/sites\/233\/2022\/05\/Recycling-Zone_1.jpg 1194w\" sizes=\"(max-width: 800px) 100vw, 800px\" \/>\t\t\t\t\t\t\t\t\t\t\t\t\t\t\t<\/div>\n\t\t\t\t<\/div>\n\t\t\t\t\t<\/div>\n\t\t<\/div>\n\t\t\t\t\t<\/div>\n\t\t<\/section>\n\t\t\t\t\t<\/div>\n\t\t<\/div>\n\t\t\t\t\t<\/div>\n\t\t<\/section>\n\t\t\t\t<\/div>\n\t\t","protected":false},"excerpt":{"rendered":"<p>RECYCLING ZONE Vous concentrez sur l&rsquo;industrie du recyclage? &nbsp; Alors r\u00e9servez bient\u00f4t une place dans notre zone de recyclage o\u00f9 nous nous concentrons sur ce secteur en forte croissance! \u00a0 Paquet Stand de 9 m\u00b2 + bar et espace de r\u00e9ception partag\u00e9s Imprimez le dos de votre stand 2 chaises + 1 bureau + 1 [&hellip;]<\/p>\n","protected":false},"author":39,"featured_media":0,"parent":0,"menu_order":0,"comment_status":"closed","ping_status":"closed","template":"","meta":{"_seopress_robots_primary_cat":"","_seopress_titles_title":"Recycling Zone | Solids Antwerp 2026","_seopress_titles_desc":"D\u00e9couvrez notre Recycling Zone. Vous vous concentrez sur l'industrie du recyclage? Alors notre toute nouvelle zone est faite pour vous !","_seopress_robots_index":"","footnotes":""},"class_list":["post-14001","page","type-page","status-publish","hentry"],"_links":{"self":[{"href":"https:\/\/www.solids-antwerp.be\/fr\/wp-json\/wp\/v2\/pages\/14001","targetHints":{"allow":["GET"]}}],"collection":[{"href":"https:\/\/www.solids-antwerp.be\/fr\/wp-json\/wp\/v2\/pages"}],"about":[{"href":"https:\/\/www.solids-antwerp.be\/fr\/wp-json\/wp\/v2\/types\/page"}],"author":[{"embeddable":true,"href":"https:\/\/www.solids-antwerp.be\/fr\/wp-json\/wp\/v2\/users\/39"}],"replies":[{"embeddable":true,"href":"https:\/\/www.solids-antwerp.be\/fr\/wp-json\/wp\/v2\/comments?post=14001"}],"version-history":[{"count":3,"href":"https:\/\/www.solids-antwerp.be\/fr\/wp-json\/wp\/v2\/pages\/14001\/revisions"}],"predecessor-version":[{"id":124877,"href":"https:\/\/www.solids-antwerp.be\/fr\/wp-json\/wp\/v2\/pages\/14001\/revisions\/124877"}],"wp:attachment":[{"href":"https:\/\/www.solids-antwerp.be\/fr\/wp-json\/wp\/v2\/media?parent=14001"}],"curies":[{"name":"wp","href":"https:\/\/api.w.org\/{rel}","templated":true}]}}