{"id":8688,"date":"2020-08-27T17:21:44","date_gmt":"2020-08-27T15:21:44","guid":{"rendered":"https:\/\/www.solids-antwerp.be\/contact\/"},"modified":"2026-02-16T14:53:26","modified_gmt":"2026-02-16T13:53:26","slug":"contact","status":"publish","type":"page","link":"https:\/\/www.solids-antwerp.be\/fr\/contact\/","title":{"rendered":"Contact"},"content":{"rendered":"\t\t<div data-elementor-type=\"wp-page\" data-elementor-id=\"8688\" class=\"elementor elementor-8688 elementor-199\" data-elementor-post-type=\"page\">\n\t\t\t\t<div class=\"elementor-element elementor-element-6418a27 e-flex e-con-boxed e-con e-parent\" data-id=\"6418a27\" data-element_type=\"container\" data-settings=\"{&quot;background_background&quot;:&quot;classic&quot;}\">\n\t\t\t\t\t<div class=\"e-con-inner\">\n\t\t<div class=\"elementor-element elementor-element-4f5b194 e-con-full e-flex e-con e-child\" data-id=\"4f5b194\" data-element_type=\"container\">\n\t\t\t\t<div class=\"elementor-element elementor-element-6776409 elementor-widget elementor-widget-heading\" data-id=\"6776409\" data-element_type=\"widget\" data-widget_type=\"heading.default\">\n\t\t\t\t<div class=\"elementor-widget-container\">\n\t\t\t\t\t<h1 class=\"elementor-heading-title elementor-size-default\">Contact<\/h1>\t\t\t\t<\/div>\n\t\t\t\t<\/div>\n\t\t\t\t<\/div>\n\t\t<div class=\"elementor-element elementor-element-39db9c2 elementor-hidden-tablet elementor-hidden-mobile e-flex e-con-boxed e-con e-child\" data-id=\"39db9c2\" data-element_type=\"container\" data-settings=\"{&quot;background_background&quot;:&quot;classic&quot;}\">\n\t\t\t\t\t<div class=\"e-con-inner\">\n\t\t\t\t\t<\/div>\n\t\t\t\t<\/div>\n\t\t\t\t\t<\/div>\n\t\t\t\t<\/div>\n\t\t<div class=\"elementor-element elementor-element-fe22874 e-flex e-con-boxed e-con e-parent\" data-id=\"fe22874\" data-element_type=\"container\">\n\t\t\t\t\t<div class=\"e-con-inner\">\n\t\t<div class=\"elementor-element elementor-element-755c656 e-con-full e-flex e-con e-child\" data-id=\"755c656\" data-element_type=\"container\">\n\t\t\t\t<div class=\"elementor-element elementor-element-674e23d elementor-widget elementor-widget-text-editor\" data-id=\"674e23d\" data-element_type=\"widget\" data-widget_type=\"text-editor.default\">\n\t\t\t\t<div class=\"elementor-widget-container\">\n\t\t\t\t\t\t\t\t\t<h1>Avez-vous avez des questions ?<\/h1><br>Nous sommes heureux de vous aider \u00e0 tirer <strong>le meilleur<\/strong> parti de votre <strong>participation<\/strong> ou de votre <strong>visite<\/strong> \u00e0 Solids. N&rsquo;h\u00e9sitez pas \u00e0 nous contacter sans engagement.\t\t\t\t\t\t\t\t<\/div>\n\t\t\t\t<\/div>\n\t\t\t\t<\/div>\n\t\t\t\t\t<\/div>\n\t\t\t\t<\/div>\n\t\t<div class=\"elementor-element elementor-element-8fc8393 e-flex e-con-boxed e-con e-parent\" data-id=\"8fc8393\" data-element_type=\"container\">\n\t\t\t\t\t<div class=\"e-con-inner\">\n\t\t<div class=\"elementor-element elementor-element-3c8d7ba e-con-full e-flex e-con e-child\" data-id=\"3c8d7ba\" data-element_type=\"container\" data-settings=\"{&quot;background_background&quot;:&quot;classic&quot;}\">\n\t\t\t\t<div class=\"elementor-element elementor-element-89f4187 elementor-cta--valign-top elementor-cta--skin-classic elementor-animated-content elementor-widget elementor-widget-call-to-action\" data-id=\"89f4187\" data-element_type=\"widget\" data-widget_type=\"call-to-action.default\">\n\t\t\t\t<div class=\"elementor-widget-container\">\n\t\t\t\t\t\t\t<div class=\"elementor-cta\">\n\t\t\t\t\t\t\t<div class=\"elementor-cta__content\">\n\t\t\t\t\t\t\t\t\t<div class=\"elementor-content-item elementor-cta__content-item elementor-cta__image\">\n\t\t\t\t\t\t<img decoding=\"async\" width=\"150\" height=\"150\" src=\"https:\/\/easyfairsassets.com\/sites\/233\/2024\/04\/Shoot_Sofie_HR_5-150x150.jpg\" class=\"attachment-thumbnail size-thumbnail wp-image-93506\" alt=\"Sofie Willems\" \/>\t\t\t\t\t<\/div>\n\t\t\t\t\n\t\t\t\t\t\t\t\t\t<h2 class=\"elementor-cta__title elementor-cta__content-item elementor-content-item\">\n\t\t\t\t\t\tSofie Willems\t\t\t\t\t<\/h2>\n\t\t\t\t\n\t\t\t\t\t\t\t\t\t<div class=\"elementor-cta__description elementor-cta__content-item elementor-content-item\">\n\t\t\t\t\t\t<p>Sales executive<br \/><a href=\"mailto:sofie.willems@easyfairs.com\">sofie.willems@easyfairs.com<\/a><br \/>T +32 (0)478 22 23 36<\/p>\n<p><strong>Plus d'informations sur<\/strong> : r\u00e9servation de stand, changement de stand, parrainage, EasyGo et Onsite Promo Packs<\/p>\n\t\t\t\t\t<\/div>\n\t\t\t\t\n\t\t\t\t\t\t\t<\/div>\n\t\t\t\t\t\t<\/div>\n\t\t\t\t\t\t<\/div>\n\t\t\t\t<\/div>\n\t\t\t\t<\/div>\n\t\t<div class=\"elementor-element elementor-element-f87f614 e-con-full e-flex e-con e-child\" data-id=\"f87f614\" data-element_type=\"container\" data-settings=\"{&quot;background_background&quot;:&quot;classic&quot;}\">\n\t\t\t\t<div class=\"elementor-element elementor-element-a260c71 elementor-cta--valign-top elementor-cta--layout-image-above elementor-cta--skin-classic elementor-animated-content elementor-widget elementor-widget-call-to-action\" data-id=\"a260c71\" data-element_type=\"widget\" data-widget_type=\"call-to-action.default\">\n\t\t\t\t<div class=\"elementor-widget-container\">\n\t\t\t\t\t\t\t<div class=\"elementor-cta\">\n\t\t\t\t\t\t\t<div class=\"elementor-cta__content\">\n\t\t\t\t\t\t\t\t\t<div class=\"elementor-content-item elementor-cta__content-item elementor-cta__image\">\n\t\t\t\t\t\t<img decoding=\"async\" width=\"150\" height=\"150\" src=\"https:\/\/easyfairsassets.com\/sites\/233\/2024\/10\/LOWRES-IC9C1534-150x150.jpg\" class=\"attachment-thumbnail size-thumbnail wp-image-107346\" alt=\"Nadine Francus\" \/>\t\t\t\t\t<\/div>\n\t\t\t\t\n\t\t\t\t\t\t\t\t\t<h2 class=\"elementor-cta__title elementor-cta__content-item elementor-content-item\">\n\t\t\t\t\t\tNadine Francus\t\t\t\t\t<\/h2>\n\t\t\t\t\n\t\t\t\t\t\t\t\t\t<div class=\"elementor-cta__description elementor-cta__content-item elementor-content-item\">\n\t\t\t\t\t\t<p>Head of Cluster<\/p>\n<p><a href=\"mailto:nadine.francus@easyfairs.com\">nadine.francus@easyfairs.com<\/a> <\/p>\n<p>T  32 (0)3 280 53 28  <\/p>\n\t\t\t\t\t<\/div>\n\t\t\t\t\n\t\t\t\t\t\t\t<\/div>\n\t\t\t\t\t\t<\/div>\n\t\t\t\t\t\t<\/div>\n\t\t\t\t<\/div>\n\t\t\t\t<\/div>\n\t\t\t\t\t<\/div>\n\t\t\t\t<\/div>\n\t\t<div class=\"elementor-element elementor-element-52244a0 e-flex e-con-boxed e-con e-parent\" data-id=\"52244a0\" data-element_type=\"container\">\n\t\t\t\t\t<div class=\"e-con-inner\">\n\t\t<div class=\"elementor-element elementor-element-6682955 e-con-full e-flex e-con e-child\" data-id=\"6682955\" data-element_type=\"container\" data-settings=\"{&quot;background_background&quot;:&quot;classic&quot;}\">\n\t\t\t\t<div class=\"elementor-element elementor-element-215ccdd elementor-cta--valign-top elementor-cta--layout-image-above elementor-cta--skin-classic elementor-animated-content elementor-widget elementor-widget-call-to-action\" data-id=\"215ccdd\" data-element_type=\"widget\" data-widget_type=\"call-to-action.default\">\n\t\t\t\t<div class=\"elementor-widget-container\">\n\t\t\t\t\t\t\t<div class=\"elementor-cta\">\n\t\t\t\t\t\t\t<div class=\"elementor-cta__content\">\n\t\t\t\t\t\t\t\t\t<div class=\"elementor-content-item elementor-cta__content-item elementor-cta__image\">\n\t\t\t\t\t\t<img decoding=\"async\" width=\"150\" height=\"150\" src=\"https:\/\/easyfairsassets.com\/sites\/233\/2024\/10\/LOWRES-IC9C1486-150x150.jpg\" class=\"attachment-thumbnail size-thumbnail wp-image-102472\" alt=\"Foto van Karen Rammeloo\" \/>\t\t\t\t\t<\/div>\n\t\t\t\t\n\t\t\t\t\t\t\t\t\t<h2 class=\"elementor-cta__title elementor-cta__content-item elementor-content-item\">\n\t\t\t\t\t\tKaren Rammeloo\t\t\t\t\t<\/h2>\n\t\t\t\t\n\t\t\t\t\t\t\t\t\t<div class=\"elementor-cta__description elementor-cta__content-item elementor-content-item\">\n\t\t\t\t\t\t<p>Marketing Event Manager<br \/><a href=\"mailto:karen.rammeloo@easyfairs.com\">karen.rammeloo@easyfairs.com<\/a><br \/>T +32 (0)3 280 53 63<\/p>\n<p><strong>Plus d'informations sur<\/strong> : le programme de l'exposition, les partenariats et les accords avec les m\u00e9dias<\/p>\n\t\t\t\t\t<\/div>\n\t\t\t\t\n\t\t\t\t\t\t\t<\/div>\n\t\t\t\t\t\t<\/div>\n\t\t\t\t\t\t<\/div>\n\t\t\t\t<\/div>\n\t\t\t\t<\/div>\n\t\t<div class=\"elementor-element elementor-element-2de7bad e-con-full e-flex e-con e-child\" data-id=\"2de7bad\" data-element_type=\"container\" data-settings=\"{&quot;background_background&quot;:&quot;classic&quot;}\">\n\t\t\t\t<div class=\"elementor-element elementor-element-03f06a1 elementor-cta--valign-top elementor-cta--layout-image-above elementor-cta--skin-classic elementor-animated-content elementor-widget elementor-widget-call-to-action\" data-id=\"03f06a1\" data-element_type=\"widget\" data-widget_type=\"call-to-action.default\">\n\t\t\t\t<div class=\"elementor-widget-container\">\n\t\t\t\t\t\t\t<div class=\"elementor-cta\">\n\t\t\t\t\t\t\t<div class=\"elementor-cta__content\">\n\t\t\t\t\t\t\t\t\t<div class=\"elementor-content-item elementor-cta__content-item elementor-cta__image\">\n\t\t\t\t\t\t<img decoding=\"async\" src=\"https:\/\/easyfairsassets.com\/sites\/233\/elementor\/thumbs\/Robin-rj3g66ick9b8u4fiykqwa7pm1t3qh7mkanvfq1b1wc.jpg\" title=\"Robin\" alt=\"Robin\" loading=\"lazy\" \/>\t\t\t\t\t<\/div>\n\t\t\t\t\n\t\t\t\t\t\t\t\t\t<h2 class=\"elementor-cta__title elementor-cta__content-item elementor-content-item\">\n\t\t\t\t\t\tRobin De Munck\t\t\t\t\t<\/h2>\n\t\t\t\t\n\t\t\t\t\t\t\t\t\t<div class=\"elementor-cta__description elementor-cta__content-item elementor-content-item\">\n\t\t\t\t\t\t<p>Marketing Event Executive<br \/><a href=\"mailto:robin.demunck@easyfairs.com\">robin.demunck@easyfairs.com<\/a><br \/>T +32 (0)470 54 54 62<\/p>\n<p><strong>Plus d'informations sur :<\/strong> les outils de promotion des exposants, les cartes d'invitation, My Easyfairs, Visit Connect App et Touch &amp; Collect<\/p>\n\t\t\t\t\t<\/div>\n\t\t\t\t\n\t\t\t\t\t\t\t<\/div>\n\t\t\t\t\t\t<\/div>\n\t\t\t\t\t\t<\/div>\n\t\t\t\t<\/div>\n\t\t\t\t<\/div>\n\t\t\t\t\t<\/div>\n\t\t\t\t<\/div>\n\t\t\t\t<\/div>\n\t\t","protected":false},"excerpt":{"rendered":"<p>Contact Avez-vous avez des questions ? Nous sommes heureux de vous aider \u00e0 tirer le meilleur parti de votre participation ou de votre visite \u00e0 Solids. N&rsquo;h\u00e9sitez pas \u00e0 nous contacter sans engagement. Sofie Willems Sales executivesofie.willems@easyfairs.comT +32 (0)478 22 23 36 Plus d&rsquo;informations sur : r\u00e9servation de stand, changement de stand, parrainage, EasyGo et [&hellip;]<\/p>\n","protected":false},"author":39,"featured_media":0,"parent":0,"menu_order":0,"comment_status":"closed","ping_status":"closed","template":"","meta":{"_seopress_robots_primary_cat":"","_seopress_titles_title":"Des questions pour Solids Anvers 2026 ?","_seopress_titles_desc":"Contactez l'\u00e9quipe de Solids Anvers.","_seopress_robots_index":"","footnotes":""},"class_list":["post-8688","page","type-page","status-publish","hentry"],"_links":{"self":[{"href":"https:\/\/www.solids-antwerp.be\/fr\/wp-json\/wp\/v2\/pages\/8688","targetHints":{"allow":["GET"]}}],"collection":[{"href":"https:\/\/www.solids-antwerp.be\/fr\/wp-json\/wp\/v2\/pages"}],"about":[{"href":"https:\/\/www.solids-antwerp.be\/fr\/wp-json\/wp\/v2\/types\/page"}],"author":[{"embeddable":true,"href":"https:\/\/www.solids-antwerp.be\/fr\/wp-json\/wp\/v2\/users\/39"}],"replies":[{"embeddable":true,"href":"https:\/\/www.solids-antwerp.be\/fr\/wp-json\/wp\/v2\/comments?post=8688"}],"version-history":[{"count":5,"href":"https:\/\/www.solids-antwerp.be\/fr\/wp-json\/wp\/v2\/pages\/8688\/revisions"}],"predecessor-version":[{"id":124865,"href":"https:\/\/www.solids-antwerp.be\/fr\/wp-json\/wp\/v2\/pages\/8688\/revisions\/124865"}],"wp:attachment":[{"href":"https:\/\/www.solids-antwerp.be\/fr\/wp-json\/wp\/v2\/media?parent=8688"}],"curies":[{"name":"wp","href":"https:\/\/api.w.org\/{rel}","templated":true}]}}