{"id":8832,"date":"2020-09-01T10:09:10","date_gmt":"2020-09-01T08:09:10","guid":{"rendered":"https:\/\/www.solids-antwerp.be\/conferenties\/"},"modified":"2025-10-27T10:12:43","modified_gmt":"2025-10-27T09:12:43","slug":"conferenties","status":"publish","type":"page","link":"https:\/\/www.solids-antwerp.be\/fr\/conferenties\/","title":{"rendered":"Conf\u00e9rences"},"content":{"rendered":"\t\t<div data-elementor-type=\"wp-page\" data-elementor-id=\"8832\" class=\"elementor elementor-8832 elementor-44\" data-elementor-post-type=\"page\">\n\t\t\t\t\t\t<section class=\"elementor-section elementor-top-section elementor-element elementor-element-9eeeba1 elementor-section-boxed elementor-section-height-default elementor-section-height-default elementor-invisible\" data-id=\"9eeeba1\" data-element_type=\"section\" data-settings=\"{&quot;animation&quot;:&quot;zoomIn&quot;}\">\n\t\t\t\t\t\t<div class=\"elementor-container elementor-column-gap-default\">\n\t\t\t\t\t<div class=\"elementor-column elementor-col-100 elementor-top-column elementor-element elementor-element-4228354\" data-id=\"4228354\" data-element_type=\"column\">\n\t\t\t<div class=\"elementor-widget-wrap elementor-element-populated\">\n\t\t\t\t\t\t<div class=\"elementor-element elementor-element-8f9ba36 elementor-widget elementor-widget-text-editor\" data-id=\"8f9ba36\" data-element_type=\"widget\" data-widget_type=\"text-editor.default\">\n\t\t\t\t<div class=\"elementor-widget-container\">\n\t\t\t\t\t\t\t\t\t<h1>Programme<\/h1>\n<p><\/p>\n<h2>Les solides maintiennent vos connaissances \u00e0 jour<\/h2>\n<p>Une avance en mati\u00e8re de connaissances dans votre secteur, c&rsquo;est de cela qu&rsquo;il s&rsquo;agit. Et c&rsquo;est pourquoi vous pouvez choisir parmi un programme soigneusement compos\u00e9. Inscrivez-vous au s\u00e9minaire sur Solids et votre pr\u00e9f\u00e9r\u00e9. Parce que les innombrables conseils, astuces et tendances rendent votre entreprise plus forte. Faites-en l&rsquo;exp\u00e9rience vous-m\u00eame, gr\u00e2ce aux interventions d&rsquo;orateurs et de professionnels renomm\u00e9s.<\/p>\n<p><strong>D\u00e9couvrez bient\u00f4t le programme complet<\/strong><\/p>\n\t\t\t\t\t\t\t\t<\/div>\n\t\t\t\t<\/div>\n\t\t\t\t\t<\/div>\n\t\t<\/div>\n\t\t\t\t\t<\/div>\n\t\t<\/section>\n\t\t<div class=\"elementor-element elementor-element-c274c63 elementor-hidden-desktop elementor-hidden-tablet elementor-hidden-mobile e-flex e-con-boxed e-con e-parent\" data-id=\"c274c63\" data-element_type=\"container\">\n\t\t\t\t\t<div class=\"e-con-inner\">\n\t\t<div class=\"elementor-element elementor-element-88d7c5f e-con-full e-flex e-con e-child\" data-id=\"88d7c5f\" data-element_type=\"container\" data-settings=\"{&quot;background_background&quot;:&quot;classic&quot;}\">\n\t\t\t\t<div class=\"elementor-element elementor-element-44d74a9 elementor-widget elementor-widget-heading\" data-id=\"44d74a9\" data-element_type=\"widget\" data-widget_type=\"heading.default\">\n\t\t\t\t<div class=\"elementor-widget-container\">\n\t\t\t\t\t<h2 class=\"elementor-heading-title elementor-size-default\">Mercredi 20 novembre<\/h2>\t\t\t\t<\/div>\n\t\t\t\t<\/div>\n\t\t\t\t<div class=\"elementor-element elementor-element-e59894c elementor-widget elementor-widget-text-editor\" data-id=\"e59894c\" data-element_type=\"widget\" data-widget_type=\"text-editor.default\">\n\t\t\t\t<div class=\"elementor-widget-container\">\n\t\t\t\t\t\t\t\t\t<p><span style=\"color: #009a4e;\"><strong>11.00 &#8211; 11.30:<\/strong><\/span> Securing bolted joint &#8211; <em>Heico Benelux<\/em> (ENG)<\/p>\n<p><span style=\"color: #009a4e;\"><strong>11.40 &#8211; 12.10:<\/strong> <\/span>Automatisch doseren van droge ingredienten vanuit zakgoed en aanmaken van recepturen met een SmartPick robot systeem &#8211; <em>David Depickere, Engisol (NL)<\/em><\/p>\n<p><span style=\"color: #009a4e;\"><strong>12.20 &#8211; 12.50:<\/strong> <\/span>Safe handling of powders and granules under containment requirements &#8211;<em> Reiner Lemperle, Hecht Technologie<\/em> (ENG)<\/p>\n<p><span style=\"color: #009a4e;\"><strong>14.00 &#8211; 14.30:<\/strong><\/span> Partnerships in de energietransitie nodig voor succesvolle projecten &#8211; <em>Chris Dirx, Posetron<\/em> (NL)<\/p>\n<p><span style=\"color: #009a4e;\"><strong>14.40 &#8211; 15.10:<\/strong><\/span> A\u00ebromechanische transportunits &#8211; <em>Robbe Industries<\/em><\/p>\n\t\t\t\t\t\t\t\t<\/div>\n\t\t\t\t<\/div>\n\t\t\t\t<\/div>\n\t\t<div class=\"elementor-element elementor-element-2c1432c e-con-full e-flex e-con e-child\" data-id=\"2c1432c\" data-element_type=\"container\" data-settings=\"{&quot;background_background&quot;:&quot;classic&quot;}\">\n\t\t\t\t<div class=\"elementor-element elementor-element-684f665 elementor-widget elementor-widget-heading\" data-id=\"684f665\" data-element_type=\"widget\" data-widget_type=\"heading.default\">\n\t\t\t\t<div class=\"elementor-widget-container\">\n\t\t\t\t\t<h2 class=\"elementor-heading-title elementor-size-default\">Jeudi 21 novembre<\/h2>\t\t\t\t<\/div>\n\t\t\t\t<\/div>\n\t\t\t\t<div class=\"elementor-element elementor-element-9c09def elementor-widget elementor-widget-text-editor\" data-id=\"9c09def\" data-element_type=\"widget\" data-widget_type=\"text-editor.default\">\n\t\t\t\t<div class=\"elementor-widget-container\">\n\t\t\t\t\t\t\t\t\t<p><span style=\"color: #009a4e;\"><strong>11.00 &#8211; 12.30:<\/strong><\/span>\u00a0<\/p>\n<ol>\n<li><strong>11.00 &#8211; 11.45:<\/strong> 35 jaar EHEDG: hoe evolueert hygienisch ontwerp &#8211; <em>Hein Timmerman, Global Sector Specialist &#8211; F&amp;B Diversey &amp; EHEDG President<\/em><\/li>\n<li><strong>11.45 &#8211; 12.30:<\/strong> De impact van hygienisch ontwerp op de reinigingsefficientie in een droge productie omgeving &#8211; <em style=\"font-size: 16px;\">Mieke Heymans, Niche manager specialised nutrition J-Tec.<\/em><\/li>\n<\/ol>\n<p><span style=\"color: #009a4e;\"><strong>12.40 &#8211; 13.10:<\/strong><\/span> Optimaliseer uw stofexplosiebeveiliging en voorkom stilstand met innovatieve technieken &#8211; <em>IEP Technologies<\/em><\/p>\n\t\t\t\t\t\t\t\t<\/div>\n\t\t\t\t<\/div>\n\t\t\t\t<\/div>\n\t\t\t\t\t<\/div>\n\t\t\t\t<\/div>\n\t\t\t\t<\/div>\n\t\t","protected":false},"excerpt":{"rendered":"<p>Programme Les solides maintiennent vos connaissances \u00e0 jour Une avance en mati\u00e8re de connaissances dans votre secteur, c&rsquo;est de cela qu&rsquo;il s&rsquo;agit. Et c&rsquo;est pourquoi vous pouvez choisir parmi un programme soigneusement compos\u00e9. Inscrivez-vous au s\u00e9minaire sur Solids et votre pr\u00e9f\u00e9r\u00e9. Parce que les innombrables conseils, astuces et tendances rendent votre entreprise plus forte. Faites-en [&hellip;]<\/p>\n","protected":false},"author":39,"featured_media":0,"parent":0,"menu_order":0,"comment_status":"closed","ping_status":"closed","template":"","meta":{"_seopress_robots_primary_cat":"","_seopress_titles_title":"Conf\u00e9rences - Solids 2026","_seopress_titles_desc":"L'avantage par la connaissance de la technologie des processus, c'est ce dont il s'agit. Inscrivez-vous \u00e0 Solids Anvers et \u00e0 votre s\u00e9minaire pr\u00e9f\u00e9r\u00e9e.","_seopress_robots_index":"","footnotes":""},"class_list":["post-8832","page","type-page","status-publish","hentry"],"_links":{"self":[{"href":"https:\/\/www.solids-antwerp.be\/fr\/wp-json\/wp\/v2\/pages\/8832","targetHints":{"allow":["GET"]}}],"collection":[{"href":"https:\/\/www.solids-antwerp.be\/fr\/wp-json\/wp\/v2\/pages"}],"about":[{"href":"https:\/\/www.solids-antwerp.be\/fr\/wp-json\/wp\/v2\/types\/page"}],"author":[{"embeddable":true,"href":"https:\/\/www.solids-antwerp.be\/fr\/wp-json\/wp\/v2\/users\/39"}],"replies":[{"embeddable":true,"href":"https:\/\/www.solids-antwerp.be\/fr\/wp-json\/wp\/v2\/comments?post=8832"}],"version-history":[{"count":5,"href":"https:\/\/www.solids-antwerp.be\/fr\/wp-json\/wp\/v2\/pages\/8832\/revisions"}],"predecessor-version":[{"id":123985,"href":"https:\/\/www.solids-antwerp.be\/fr\/wp-json\/wp\/v2\/pages\/8832\/revisions\/123985"}],"wp:attachment":[{"href":"https:\/\/www.solids-antwerp.be\/fr\/wp-json\/wp\/v2\/media?parent=8832"}],"curies":[{"name":"wp","href":"https:\/\/api.w.org\/{rel}","templated":true}]}}