{"id":8842,"date":"2020-09-01T10:11:18","date_gmt":"2020-09-01T08:11:18","guid":{"rendered":"https:\/\/www.solids-antwerp.be\/innovation-tour\/"},"modified":"2025-10-27T10:19:56","modified_gmt":"2025-10-27T09:19:56","slug":"innovation-tour","status":"publish","type":"page","link":"https:\/\/www.solids-antwerp.be\/fr\/innovation-tour\/","title":{"rendered":"Innovation tour"},"content":{"rendered":"\t\t<div data-elementor-type=\"wp-page\" data-elementor-id=\"8842\" class=\"elementor elementor-8842 elementor-193\" data-elementor-post-type=\"page\">\n\t\t\t\t\t\t<section class=\"elementor-section elementor-top-section elementor-element elementor-element-9eeeba1 elementor-section-boxed elementor-section-height-default elementor-section-height-default elementor-invisible\" data-id=\"9eeeba1\" data-element_type=\"section\" data-settings=\"{&quot;animation&quot;:&quot;zoomIn&quot;}\">\n\t\t\t\t\t\t<div class=\"elementor-container elementor-column-gap-default\">\n\t\t\t\t\t<div class=\"elementor-column elementor-col-100 elementor-top-column elementor-element elementor-element-4228354\" data-id=\"4228354\" data-element_type=\"column\">\n\t\t\t<div class=\"elementor-widget-wrap elementor-element-populated\">\n\t\t\t\t\t\t<div class=\"elementor-element elementor-element-8f9ba36 elementor-widget elementor-widget-text-editor\" data-id=\"8f9ba36\" data-element_type=\"widget\" data-widget_type=\"text-editor.default\">\n\t\t\t\t<div class=\"elementor-widget-container\">\n\t\t\t\t\t\t\t\t\t<h1>UN CIRCUIT D\u00c9DI\u00c9 \u00c0 L&rsquo;INNOVATION<\/h1>\n<p>&nbsp;<\/p>\n<p>L&rsquo;innovation est l&rsquo;un des piliers de Solids Antwerp. Des technologies et des d\u00e9veloppements r\u00e9volutionnaires, cruciaux pour l&rsquo;avenir du secteur, pour vous aider \u00e0 relever vos d\u00e9fis. Il ne s&rsquo;agit pas de nouveaut\u00e9s \u00e9ph\u00e9m\u00e8res, mais d&rsquo;innovations durables. Telles sont les promesses de l&rsquo;Innovation Tour, votre billet pour l&rsquo;avenir.<\/p>\n<p><strong>Plus d&rsquo;informations prochainement.<\/strong><\/p>\n\t\t\t\t\t\t\t\t<\/div>\n\t\t\t\t<\/div>\n\t\t\t\t<div class=\"elementor-element elementor-element-c82c1ab elementor-align-center elementor-hidden-desktop elementor-hidden-tablet elementor-hidden-mobile elementor-widget elementor-widget-button\" data-id=\"c82c1ab\" data-element_type=\"widget\" data-widget_type=\"button.default\">\n\t\t\t\t<div class=\"elementor-widget-container\">\n\t\t\t\t\t\t\t\t\t<div class=\"elementor-button-wrapper\">\n\t\t\t\t\t<a class=\"elementor-button elementor-button-link elementor-size-sm\" href=\"https:\/\/fs30.formsite.com\/easyfairs\/gqkrxhsz6h\/index\">\n\t\t\t\t\t\t<span class=\"elementor-button-content-wrapper\">\n\t\t\t\t\t\t\t\t\t<span class=\"elementor-button-text\">Inscrivez-vous \u00e0 la visite guid\u00e9e de l'innovation<\/span>\n\t\t\t\t\t<\/span>\n\t\t\t\t\t<\/a>\n\t\t\t\t<\/div>\n\t\t\t\t\t\t\t\t<\/div>\n\t\t\t\t<\/div>\n\t\t\t\t\t<\/div>\n\t\t<\/div>\n\t\t\t\t\t<\/div>\n\t\t<\/section>\n\t\t<div class=\"elementor-element elementor-element-6cba9ee elementor-hidden-desktop elementor-hidden-tablet elementor-hidden-mobile e-flex e-con-boxed e-con e-parent\" data-id=\"6cba9ee\" data-element_type=\"container\">\n\t\t\t\t\t<div class=\"e-con-inner\">\n\t\t\t\t<div class=\"elementor-element elementor-element-563dc4e elementor-widget elementor-widget-html\" data-id=\"563dc4e\" data-element_type=\"widget\" data-widget_type=\"html.default\">\n\t\t\t\t<div class=\"elementor-widget-container\">\n\t\t\t\t\t<script async=\"async\" src=\"\/\/cdn.wishpond.net\/connect.js?merchantId=1400133&writeKey=d4135bbb14bc\" type=\"text\/javascript\"><\/script><div class=\"wishpond-campaign\" data-wishpond-id=\"2806521\" data-wishpond-href=\"https:\/\/embedded.wishpondpages.com\/lp\/2806521\/\"><\/div>\t\t\t\t<\/div>\n\t\t\t\t<\/div>\n\t\t\t\t\t<\/div>\n\t\t\t\t<\/div>\n\t\t\t\t<\/div>\n\t\t","protected":false},"excerpt":{"rendered":"<p>UN CIRCUIT D\u00c9DI\u00c9 \u00c0 L&rsquo;INNOVATION &nbsp; L&rsquo;innovation est l&rsquo;un des piliers de Solids Antwerp. Des technologies et des d\u00e9veloppements r\u00e9volutionnaires, cruciaux pour l&rsquo;avenir du secteur, pour vous aider \u00e0 relever vos d\u00e9fis. Il ne s&rsquo;agit pas de nouveaut\u00e9s \u00e9ph\u00e9m\u00e8res, mais d&rsquo;innovations durables. Telles sont les promesses de l&rsquo;Innovation Tour, votre billet pour l&rsquo;avenir. Plus d&rsquo;informations [&hellip;]<\/p>\n","protected":false},"author":39,"featured_media":0,"parent":0,"menu_order":0,"comment_status":"closed","ping_status":"closed","template":"elementor_header_footer","meta":{"_seopress_robots_primary_cat":"","_seopress_titles_title":"Solids Anvers Innovation Tour 2026","_seopress_titles_desc":"Rejoignez le Solids Innovation Tour et assurez-vous que vos connaissances sont \u00e0 jour.","_seopress_robots_index":"","footnotes":""},"class_list":["post-8842","page","type-page","status-publish","hentry"],"_links":{"self":[{"href":"https:\/\/www.solids-antwerp.be\/fr\/wp-json\/wp\/v2\/pages\/8842","targetHints":{"allow":["GET"]}}],"collection":[{"href":"https:\/\/www.solids-antwerp.be\/fr\/wp-json\/wp\/v2\/pages"}],"about":[{"href":"https:\/\/www.solids-antwerp.be\/fr\/wp-json\/wp\/v2\/types\/page"}],"author":[{"embeddable":true,"href":"https:\/\/www.solids-antwerp.be\/fr\/wp-json\/wp\/v2\/users\/39"}],"replies":[{"embeddable":true,"href":"https:\/\/www.solids-antwerp.be\/fr\/wp-json\/wp\/v2\/comments?post=8842"}],"version-history":[{"count":5,"href":"https:\/\/www.solids-antwerp.be\/fr\/wp-json\/wp\/v2\/pages\/8842\/revisions"}],"predecessor-version":[{"id":123993,"href":"https:\/\/www.solids-antwerp.be\/fr\/wp-json\/wp\/v2\/pages\/8842\/revisions\/123993"}],"wp:attachment":[{"href":"https:\/\/www.solids-antwerp.be\/fr\/wp-json\/wp\/v2\/media?parent=8842"}],"curies":[{"name":"wp","href":"https:\/\/api.w.org\/{rel}","templated":true}]}}